{"id":843,"date":"2017-06-26T10:48:07","date_gmt":"2017-06-26T08:48:07","guid":{"rendered":"http:\/\/www.ekodarpol.pl\/laboratorium\/?page_id=843"},"modified":"2017-09-28T12:36:56","modified_gmt":"2017-09-28T10:36:56","slug":"badania-mikrobiologiczne","status":"publish","type":"page","link":"https:\/\/www.ekodarpol.pl\/laboratorium\/badania-mikrobiologiczne\/","title":{"rendered":"BADANIA MIKROBIOLOGICZNE"},"content":{"rendered":"<p>Oferujemy nast\u0119puj\u0105ce badania mikrobiologiczne gleb:<\/p>\n<ul>\n<li>Og\u00f3lna liczba bakterii w glebie<\/li>\n<li>Aktywno\u015b\u0107 dehydrogenazy w glebie<\/li>\n<\/ul>\n<p>&nbsp;<\/p>\n<p><body><br \/>\n<a href=\"http:\/\/www.ekodarpol.pl\/laboratorium\/cennik\/\"><input type=\"submit\" value=\"Zobacz cennik us\u0142ug\"><\/a><br \/>\n<\/body><\/p>\n","protected":false},"excerpt":{"rendered":"<p>Oferujemy nast\u0119puj\u0105ce badania mikrobiologiczne gleb: Og\u00f3lna liczba bakterii w glebie Aktywno\u015b\u0107 dehydrogenazy w glebie &nbsp;<\/p>\n","protected":false},"author":2,"featured_media":0,"parent":0,"menu_order":0,"comment_status":"closed","ping_status":"closed","template":"","meta":{"footnotes":""},"class_list":["post-843","page","type-page","status-publish","hentry"],"acf":[],"_links":{"self":[{"href":"https:\/\/www.ekodarpol.pl\/laboratorium\/wp-json\/wp\/v2\/pages\/843"}],"collection":[{"href":"https:\/\/www.ekodarpol.pl\/laboratorium\/wp-json\/wp\/v2\/pages"}],"about":[{"href":"https:\/\/www.ekodarpol.pl\/laboratorium\/wp-json\/wp\/v2\/types\/page"}],"author":[{"embeddable":true,"href":"https:\/\/www.ekodarpol.pl\/laboratorium\/wp-json\/wp\/v2\/users\/2"}],"replies":[{"embeddable":true,"href":"https:\/\/www.ekodarpol.pl\/laboratorium\/wp-json\/wp\/v2\/comments?post=843"}],"version-history":[{"count":4,"href":"https:\/\/www.ekodarpol.pl\/laboratorium\/wp-json\/wp\/v2\/pages\/843\/revisions"}],"predecessor-version":[{"id":941,"href":"https:\/\/www.ekodarpol.pl\/laboratorium\/wp-json\/wp\/v2\/pages\/843\/revisions\/941"}],"wp:attachment":[{"href":"https:\/\/www.ekodarpol.pl\/laboratorium\/wp-json\/wp\/v2\/media?parent=843"}],"curies":[{"name":"wp","href":"https:\/\/api.w.org\/{rel}","templated":true}]}}