{"id":806,"date":"2017-06-22T11:32:01","date_gmt":"2017-06-22T09:32:01","guid":{"rendered":"http:\/\/www.ekodarpol.pl\/laboratorium\/?page_id=806"},"modified":"2017-09-28T12:35:46","modified_gmt":"2017-09-28T10:35:46","slug":"badania-fizyko-chemiczne-gleb","status":"publish","type":"page","link":"https:\/\/www.ekodarpol.pl\/laboratorium\/badania-fizyko-chemiczne-gleb\/","title":{"rendered":"BADANIA FIZYKO-CHEMICZNE GLEB"},"content":{"rendered":"<h4><strong>ANALIZA GLEB ROLNICZYCH<\/strong><\/h4>\n<p><img loading=\"lazy\" decoding=\"async\" class=\"alignright size-full wp-image-888\" src=\"http:\/\/www.ekodarpol.pl\/laboratorium\/wp-content\/uploads\/2017\/06\/traktorek-1.jpg\" alt=\"traktorek\" width=\"300\" height=\"180\" \/><br \/>\nBadania laboratoryjne gleb rolniczych do cel\u00f3w nawozowych wykonuje si\u0119 poprzez ekstrakcj\u0119 pierwiastk\u00f3w z gleby powietrznie suchej. G\u0142\u00f3wnymi parametrami oznaczanymi w glebach rolniczych s\u0105: odczyn oraz zawarto\u015bci pr\u00f3chnicy, azotu og\u00f3lnego, azotu mineralnego, potasu, magnezu, fosforu, \u017celaza, miedzi, manganu, cynku, molibdenu, kobaltu i siarki\u00a0 Dodatkowo mo\u017cna wykonywa\u0107 badania sk\u0142adu granulometrycznego oraz zawarto\u015bci metali ci\u0119\u017ckich ( Cu, Zn, Pb, Ni, Cd, Cr).<\/p>\n<p><body><br \/>\n<a href=\"http:\/\/www.ekodarpol.pl\/laboratorium\/cennik\/\"><input type=\"submit\" value=\"Zobacz cennik us\u0142ug\"><\/a><br \/>\n<\/body><\/p>\n<p>&nbsp;<\/p>\n<p><img loading=\"lazy\" decoding=\"async\" class=\"alignright size-medium wp-image-868\" src=\"http:\/\/www.ekodarpol.pl\/laboratorium\/wp-content\/uploads\/2017\/06\/sad2-300x200.jpg\" alt=\"\" width=\"300\" height=\"200\" srcset=\"https:\/\/www.ekodarpol.pl\/laboratorium\/wp-content\/uploads\/2017\/06\/sad2-300x200.jpg 300w, https:\/\/www.ekodarpol.pl\/laboratorium\/wp-content\/uploads\/2017\/06\/sad2-768x512.jpg 768w, https:\/\/www.ekodarpol.pl\/laboratorium\/wp-content\/uploads\/2017\/06\/sad2-1024x683.jpg 1024w, https:\/\/www.ekodarpol.pl\/laboratorium\/wp-content\/uploads\/2017\/06\/sad2-200x133.jpg 200w, https:\/\/www.ekodarpol.pl\/laboratorium\/wp-content\/uploads\/2017\/06\/sad2-630x420.jpg 630w, https:\/\/www.ekodarpol.pl\/laboratorium\/wp-content\/uploads\/2017\/06\/sad2.jpg 1298w\" sizes=\"(max-width: 300px) 100vw, 300px\" \/><\/p>\n<h4><strong>ANALIZA GLEB SADOWNICZYCH<\/strong><\/h4>\n<p>Gleby sadownicze analizowane s\u0105 wed\u0142ug metod\u00a0stosowanych dla gleb rolniczych.\u00a0 Istotn\u0105\u00a0zmian\u0105 w przypadku takich gleb jest spos\u00f3b poboru\u00a0pr\u00f3bek oraz zastosowanie odpowiednich licz granicznych\u00a0do interpretacji wynik\u00f3w bada\u0144.<\/p>\n<p><body><br \/>\n<a href=\"http:\/\/www.ekodarpol.pl\/laboratorium\/cennik\/\"><input type=\"submit\" value=\"Zobacz cennik us\u0142ug\"><\/a><br \/>\n<\/body><\/p>\n<p>&nbsp;<\/p>\n<p>&nbsp;<\/p>\n<p><img loading=\"lazy\" decoding=\"async\" class=\"alignright size-medium wp-image-877\" src=\"http:\/\/www.ekodarpol.pl\/laboratorium\/wp-content\/uploads\/2017\/06\/burak-pastewny-2-300x206.jpg\" alt=\"burak pastewny 2\" width=\"300\" height=\"206\" srcset=\"https:\/\/www.ekodarpol.pl\/laboratorium\/wp-content\/uploads\/2017\/06\/burak-pastewny-2-300x206.jpg 300w, https:\/\/www.ekodarpol.pl\/laboratorium\/wp-content\/uploads\/2017\/06\/burak-pastewny-2-200x137.jpg 200w, https:\/\/www.ekodarpol.pl\/laboratorium\/wp-content\/uploads\/2017\/06\/burak-pastewny-2.jpg 419w\" sizes=\"(max-width: 300px) 100vw, 300px\" \/><\/p>\n<h4><strong>ANALIZA GLEB <\/strong><strong>OGRODNICZYCH<\/strong><\/h4>\n<p>Badania laboratoryjne gleb ogrodniczych wykonuje si\u0119 poprzez ekstrakcj\u0119 \u015bwie\u017cej gleby roztworem kwasu\u00a0octowego (metoda uniwersalna). Oznaczanymi parametrami s\u0105 odczyn gleby, zasolenie, zawarto\u015bci potasu,\u00a0fosforu, magnezu.<\/p>\n<p><body><br \/>\n<a href=\"http:\/\/www.ekodarpol.pl\/laboratorium\/cennik\/\"><input type=\"submit\" value=\"Zobacz cennik us\u0142ug\"><\/a><br \/>\n<\/body><\/p>\n<p>&nbsp;<\/p>\n","protected":false},"excerpt":{"rendered":"<p>ANALIZA GLEB ROLNICZYCH Badania laboratoryjne gleb rolniczych do cel\u00f3w nawozowych wykonuje si\u0119 poprzez ekstrakcj\u0119 pierwiastk\u00f3w z gleby powietrznie suchej. G\u0142\u00f3wnymi parametrami oznaczanymi w glebach rolniczych s\u0105: odczyn oraz zawarto\u015bci pr\u00f3chnicy, azotu og\u00f3lnego, azotu mineralnego, potasu, magnezu, fosforu, \u017celaza, miedzi, manganu, cynku, molibdenu, kobaltu i siarki\u00a0 Dodatkowo mo\u017cna wykonywa\u0107 badania sk\u0142adu granulometrycznego oraz zawarto\u015bci metali ci\u0119\u017ckich [&hellip;]<\/p>\n","protected":false},"author":2,"featured_media":699,"parent":0,"menu_order":0,"comment_status":"closed","ping_status":"closed","template":"","meta":{"footnotes":""},"class_list":["post-806","page","type-page","status-publish","has-post-thumbnail","hentry"],"acf":[],"_links":{"self":[{"href":"https:\/\/www.ekodarpol.pl\/laboratorium\/wp-json\/wp\/v2\/pages\/806"}],"collection":[{"href":"https:\/\/www.ekodarpol.pl\/laboratorium\/wp-json\/wp\/v2\/pages"}],"about":[{"href":"https:\/\/www.ekodarpol.pl\/laboratorium\/wp-json\/wp\/v2\/types\/page"}],"author":[{"embeddable":true,"href":"https:\/\/www.ekodarpol.pl\/laboratorium\/wp-json\/wp\/v2\/users\/2"}],"replies":[{"embeddable":true,"href":"https:\/\/www.ekodarpol.pl\/laboratorium\/wp-json\/wp\/v2\/comments?post=806"}],"version-history":[{"count":13,"href":"https:\/\/www.ekodarpol.pl\/laboratorium\/wp-json\/wp\/v2\/pages\/806\/revisions"}],"predecessor-version":[{"id":939,"href":"https:\/\/www.ekodarpol.pl\/laboratorium\/wp-json\/wp\/v2\/pages\/806\/revisions\/939"}],"wp:featuredmedia":[{"embeddable":true,"href":"https:\/\/www.ekodarpol.pl\/laboratorium\/wp-json\/wp\/v2\/media\/699"}],"wp:attachment":[{"href":"https:\/\/www.ekodarpol.pl\/laboratorium\/wp-json\/wp\/v2\/media?parent=806"}],"curies":[{"name":"wp","href":"https:\/\/api.w.org\/{rel}","templated":true}]}}