{"id":575,"date":"2016-10-31T15:06:24","date_gmt":"2016-10-31T14:06:24","guid":{"rendered":"http:\/\/www.ekodarpol.pl\/laboratorium\/?page_id=575"},"modified":"2020-09-03T02:17:42","modified_gmt":"2020-09-03T00:17:42","slug":"do-pobrania","status":"publish","type":"page","link":"https:\/\/www.ekodarpol.pl\/laboratorium\/do-pobrania\/","title":{"rendered":"Do pobrania"},"content":{"rendered":"<p><span style=\"font-weight: 400;\">Zach\u0119camy do zapoznania si\u0119 z formularzami i instrukcjami przydatnymi we wsp\u00f3\u0142pracy z naszym laboratorium. W razie jakichkolwiek pyta\u0144 prosimy o kontakt z Laboratorium.<\/span><br \/>\n<img decoding=\"async\" src=\"https:\/\/go.ekodarpol.pl\/mtracking.gif?tags=observe:laboratorium,observe:laboratorium-cennik\" alt=\"Mautic Tags\" style=\"display:none;\" \/><\/p>\n","protected":false},"excerpt":{"rendered":"<p>Zach\u0119camy do zapoznania si\u0119 z formularzami i instrukcjami przydatnymi we wsp\u00f3\u0142pracy z naszym laboratorium. W razie jakichkolwiek pyta\u0144 prosimy o kontakt z Laboratorium.<\/p>\n","protected":false},"author":2,"featured_media":0,"parent":0,"menu_order":0,"comment_status":"closed","ping_status":"closed","template":"template-dopobrania.php","meta":{"footnotes":""},"class_list":["post-575","page","type-page","status-publish","hentry"],"acf":[],"_links":{"self":[{"href":"https:\/\/www.ekodarpol.pl\/laboratorium\/wp-json\/wp\/v2\/pages\/575"}],"collection":[{"href":"https:\/\/www.ekodarpol.pl\/laboratorium\/wp-json\/wp\/v2\/pages"}],"about":[{"href":"https:\/\/www.ekodarpol.pl\/laboratorium\/wp-json\/wp\/v2\/types\/page"}],"author":[{"embeddable":true,"href":"https:\/\/www.ekodarpol.pl\/laboratorium\/wp-json\/wp\/v2\/users\/2"}],"replies":[{"embeddable":true,"href":"https:\/\/www.ekodarpol.pl\/laboratorium\/wp-json\/wp\/v2\/comments?post=575"}],"version-history":[{"count":12,"href":"https:\/\/www.ekodarpol.pl\/laboratorium\/wp-json\/wp\/v2\/pages\/575\/revisions"}],"predecessor-version":[{"id":1479,"href":"https:\/\/www.ekodarpol.pl\/laboratorium\/wp-json\/wp\/v2\/pages\/575\/revisions\/1479"}],"wp:attachment":[{"href":"https:\/\/www.ekodarpol.pl\/laboratorium\/wp-json\/wp\/v2\/media?parent=575"}],"curies":[{"name":"wp","href":"https:\/\/api.w.org\/{rel}","templated":true}]}}