{"id":1223,"date":"2017-06-22T13:07:05","date_gmt":"2017-06-22T11:07:05","guid":{"rendered":"http:\/\/www.ekodarpol.pl\/laboratorium\/cennik\/"},"modified":"2022-07-28T11:24:54","modified_gmt":"2022-07-28T09:24:54","slug":"cennik","status":"publish","type":"page","link":"https:\/\/www.ekodarpol.pl\/laboratorium\/en\/cennik\/","title":{"rendered":"Cennik"},"content":{"rendered":"<p>Cennik obowi\u0105zuje od dnia 16.07.2022<br \/>\n&nbsp;<\/p>\n<table class=\"table\">\n<thead>\n<tr class=\"table-secondary active\">\n<td colspan=\"5\" class=\"text-center\"><strong>BADANIA FIZYKO-CHEMICZNE<\/strong><\/td>\n<\/tr>\n<tr class=\"table-secondary active\">\n<td colspan=\"5\" class=\"text-center\"><strong>GLEBY ROLNICZE <\/strong><\/td>\n<\/tr>\n<tr class=\"table-secondary active\">\n<th class=\"col-md-1\" scope=\"col\">Lp.<\/th>\n<th class=\"col-md-3\" scope=\"col\">Badane cechy\/parametry<\/th>\n<th class=\"col-md-3\" scope=\"col\">Metoda badawcza<\/th>\n<th class=\"col-md-3\" scope=\"col\">Dokumenty odniesienia<\/th>\n<th class=\"col-md-2\" scope=\"col\">Cena us\u0142ugi [z\u0142 brutto]<\/th>\n<\/tr>\n<\/thead>\n<tbody>\n<tr>\n<td scope=\"row\">1<\/td>\n<td>Sucha masa i zawarto\u015b\u0107 wody<\/td>\n<td>Wagowa<\/td>\n<td>PN-ISO 11465:1999<\/td>\n<td>18,00<\/td>\n<\/tr>\n<tr>\n<td scope=\"row\">2<\/td>\n<td>pH w chlorku potasu<\/td>\n<td>Potencjometryczna<\/td>\n<td>PN-ISO 10390:1997<\/td>\n<td>10,00<\/td>\n<\/tr>\n<tr>\n<td scope=\"row\">3<\/td>\n<td>Fosfor przyswajalny<\/td>\n<td rowspan=\"3\">Ekstrakcja Mehlich 3<br \/>\nSpektrometria mas sprz\u0119\u017cona z plazm\u0105 wzbudzan\u0105 indukcyjnie (ICP MS)<\/td>\n<td rowspan=\"3\">EKO\/LAB\/PB-G-01:2018<\/td>\n<td>25,00<\/td>\n<\/tr>\n<tr>\n<td scope=\"row\">4<\/td>\n<td>Potas przyswajalny<\/td>\n<td>25,00<\/td>\n<\/tr>\n<tr>\n<td scope=\"row\">5<\/td>\n<td>Magnez przyswajalny<\/td>\n<td>25,00<\/td>\n<\/tr>\n<tr>\n<td scope=\"row\">6<\/td>\n<td>\u017belazo przyswajalne<\/td>\n<td rowspan=\"5\">Ekstrakcja 1M HCl<br \/>\nSpektrometria mas sprz\u0119\u017cona z plazm\u0105 wzbudzan\u0105 indukcyjnie (ICP-MS)<\/td>\n<td rowspan=\"5\">EKO\/LAB\/PB-G-02:2018<\/td>\n<td>25,00<\/td>\n<\/tr>\n<tr>\n<td scope=\"row\">7<\/td>\n<td>Mangan przyswajalny<\/td>\n<td>25,00<\/td>\n<\/tr>\n<tr>\n<td scope=\"row\">8<\/td>\n<td>Mied\u017a przyswajalna<\/td>\n<td>25,00<\/td>\n<\/tr>\n<tr>\n<td scope=\"row\">9<\/td>\n<td>Cynk przyswajalny<\/td>\n<td>25,00<\/td>\n<\/tr>\n<tr>\n<td scope=\"row\">10<\/td>\n<td>Bor przyswajalny<\/td>\n<td>25,00<\/td>\n<\/tr>\n<tr>\n<td scope=\"row\">11<\/td>\n<td>\u017belazo ca\u0142kowite<\/td>\n<td rowspan=\"5\">Mineralizacja mikrofalowa<br \/>\nSpektrometria mas sprz\u0119\u017cona z plazm\u0105 wzbudzan\u0105 indukcyjnie (ICP-MS)<\/td>\n<td rowspan=\"5\">EKO\/LAB\/PB-G-03:2018<\/td>\n<td>40,00<\/td>\n<\/tr>\n<tr>\n<td scope=\"row\">12<\/td>\n<td>Mangan ca\u0142kowity<\/td>\n<td>40,00<\/td>\n<\/tr>\n<tr>\n<td scope=\"row\">13<\/td>\n<td>Mied\u017a ca\u0142kowita<\/td>\n<td>40,00<\/td>\n<\/tr>\n<tr>\n<td scope=\"row\">14<\/td>\n<td>Cynk ca\u0142kowity<\/td>\n<td>40,00<\/td>\n<\/tr>\n<tr>\n<td scope=\"row\">15<\/td>\n<td>Bor ca\u0142kowity<\/td>\n<td>40,00<\/td>\n<\/tr>\n<tr>\n<td scope=\"row\">16<\/td>\n<td>Pr\u00f3chnica<\/td>\n<td>Miareczkowa (metoda Tiurina)<\/td>\n<td>EKO\/LAB\/PB-G-04:2018<\/td>\n<td>27,00<\/td>\n<\/tr>\n<tr>\n<td scope=\"row\">17<\/td>\n<td>W\u0119giel organiczny<br \/>\nAzot og\u00f3lny, Stosunek C:N<\/td>\n<td rowspan=\"2\">Wysokotemperaturowego spalania (analiza elementarna)<\/td>\n<td rowspan=\"2\">EKO\/LAB\/PB-G-07:2018<\/td>\n<td>49,00<\/td>\n<\/tr>\n<tr>\n<td scope=\"row\">18<\/td>\n<td>W\u0119giel organiczny, Siarka og.,<br \/>\nAzot og\u00f3lny, Stosunek C:N<\/td>\n<td>59,00<\/td>\n<\/tr>\n<tr>\n<td scope=\"row\">19<\/td>\n<td>Siarka siarczanowa<\/td>\n<td>(wg metody podwykonawcy)<\/td>\n<td>(wg metody podwykonawcy)<\/td>\n<td>50,00<\/td>\n<\/tr>\n<tr>\n<td scope=\"row\">20<\/td>\n<td>Azot azotanowy, azot amonowy<\/td>\n<td>(wg metody podwykonawcy)<\/td>\n<td>(wg metody podwykonawcy)<\/td>\n<td>40,00<\/td>\n<\/tr>\n<tr>\n<td scope=\"row\">21<\/td>\n<td>Sk\u0142ad granulometryczny<\/td>\n<td>(wg metody podwykonawcy)<\/td>\n<td>(wg metody podwykonawcy)<\/td>\n<td>40,00<\/td>\n<\/tr>\n<\/tbody>\n<\/table>\n<p>&nbsp;<\/p>\n<table class=\"table\">\n<thead>\n<tr class=\"table-secondary active\">\n<td colspan=\"5\" class=\"text-center\">\n<strong>PAKIETY BADA\u0143 FIZYKO-CHEMICZNYCH<\/strong><\/td>\n<\/tr>\n<tr class=\"table-secondary active\">\n<td colspan=\"5\" class=\"text-center\">\n<strong>GLEBY ROLNICZE<\/strong><\/td>\n<\/tr>\n<tr class=\"table-secondary active\">\n<th class=\"col-md-1\"><strong>Lp<\/strong><\/th>\n<th class=\"col-md-3\"><strong>Badane cechy\/parametry<\/strong><\/th>\n<th class=\"col-md-6\" colspan=\"2\">Zawarto\u015b\u0107 pakietu (formy przyswajalne)<\/th>\n<th class=\"col-md-2\">Cena us\u0142ugi [z\u0142 brutto]<\/th>\n<\/tr>\n<\/thead>\n<tbody>\n<tr>\n<td>22<\/td>\n<td>PODSTAWOWY<\/td>\n<td colspan=\"2\">pH, Fosfor, Potas, Magnez<\/td>\n<td>19,00<\/td>\n<\/tr>\n<tr>\n<td>23<\/td>\n<td>STANDARDOWY<\/td>\n<td colspan=\"2\">pH, Fosfor, Potas, Magnez, \u017belazo, Mangan, Mied\u017a, Cynk<\/td>\n<td>55,00<\/td>\n<\/tr>\n<tr>\n<td>24<\/td>\n<td>STANDARDOWY + Bor<\/td>\n<td colspan=\"2\">pH, Fosfor, Potas, Magnez, \u017belazo, Mangan, Mied\u017a, Cynk, Bor<\/td>\n<td>65,00<\/td>\n<\/tr>\n<tr>\n<td>25<\/td>\n<td>MAKRO<\/td>\n<td colspan=\"2\">pH, Fosfor, Potas, Magnez, Pr\u00f3chnica, Azot og\u00f3lny, Stosunek C:N<\/td>\n<td>70,00<\/td>\n<\/tr>\n<tr>\n<td>26<\/td>\n<td>MAKRO + Siarka<\/td>\n<td colspan=\"2\">pH, Fosfor, Potas, Magnez, Pr\u00f3chnica, Azot og\u00f3lny, Stosunek C:N, Siarka og\u00f3lna<\/td>\n<td>80,00<\/td>\n<\/tr>\n<tr>\n<td>27<\/td>\n<td>KOMPLETNY<\/td>\n<td colspan=\"2\">pH, Fosfor, Potas, Magnez, \u017belazo, Mangan, Mied\u017a, Cynk,<br \/>\nPr\u00f3chnica, Azot og\u00f3lny, Stosunek C:N<\/td>\n<td>100,00<\/td>\n<\/tr>\n<tr>\n<td>28<\/td>\n<td>KOMPLETNY + Siarka<\/td>\n<td colspan=\"2\">pH, Fosfor, Potas, Magnez, \u017belazo, Mangan, Mied\u017a, Cynk,<br \/>\nPr\u00f3chnica, Azot og\u00f3lny, Stosunek C:N, Siarka og\u00f3lna<\/td>\n<td>110,00<\/td>\n<\/tr>\n<tr>\n<td>29<\/td>\n<td>KOMPLETNY + Bor<\/td>\n<td colspan=\"2\">pH, Fosfor, Potas, Magnez, \u017belazo, Mangan, Mied\u017a, Cynk, Bor,<br \/>\nPr\u00f3chnica, Azot og\u00f3lny, Stosunek C:N<\/td>\n<td>110,00<\/td>\n<\/tr>\n<tr>\n<td>30<\/td>\n<td>KOMPLETNY + Bor + Siarka<\/td>\n<td colspan=\"2\">pH, Fosfor, Potas, Magnez, \u017belazo, Mangan, Mied\u017a, Cynk, Bor,<br \/>\nPr\u00f3chnica, Azot og\u00f3lny, Stosunek C:N, Siarka og\u00f3lna<\/td>\n<td>120,00<\/td>\n<\/tr>\n<tr>\n<td>31<\/td>\n<td>PR\u00d3CHNICA + AZOT<\/td>\n<td colspan=\"2\">Pr\u00f3chnica, W\u0119giel organiczny, Stosunek C:N<\/td>\n<td>49,00<\/td>\n<\/tr>\n<\/tbody>\n<\/table>\n<p>&nbsp;<\/p>\n<table class=\"table\">\n<thead>\n<tr class=\"table-secondary active\">\n<td colspan=\"5\" class=\"text-center\">\n<strong>GLEBY I POD\u0141O\u017bA OGRODNICZE<\/strong><\/td>\n<\/tr>\n<tr class=\"table-secondary active\">\n<th class=\"col-md-1\"><strong>Lp<\/strong><\/th>\n<th class=\"col-md-3\"><strong>Badane cechy\/parametry<\/strong><\/th>\n<th class=\"col-md-3\"><strong>Metoda badawcza<\/strong><\/th>\n<th class=\"col-md-3\"><strong>Dokumenty odniesienia<\/strong><\/th>\n<th class=\"col-md-2\">Cena us\u0142ugi [z\u0142 brutto]<\/th>\n<\/tr>\n<\/thead>\n<tbody>\n<tr>\n<td scope=\"row\">32<\/td>\n<td>pH w wodzie<\/td>\n<td>Potencjometryczna<\/td>\n<td>PN-ISO 10390:1997<\/td>\n<td>10,00<\/td>\n<\/tr>\n<tr>\n<td scope=\"row\">33<\/td>\n<td>Przewodno\u015b\u0107 elektryczna<\/td>\n<td>Konduktometryczna<\/td>\n<td>PN-ISO 11265:1997<\/td>\n<td>10,00<\/td>\n<\/tr>\n<tr>\n<td scope=\"row\">34<\/td>\n<td>Fosfor przyswajalny<\/td>\n<td rowspan=\"4\">Ekstrakcja 0,03M kwas octowy<br \/>\nSpektrometria mas sprz\u0119\u017cona z plazm\u0105 wzbudzan\u0105 indukcyjnie (ICP-MS)<\/td>\n<td rowspan=\"4\">EKO\/LAB\/PB-G-05:2018<\/td>\n<td>25,00<\/td>\n<\/tr>\n<tr>\n<td scope=\"row\">35<\/td>\n<td>Potas przyswajalny<\/td>\n<td>25,00<\/td>\n<\/tr>\n<tr>\n<td scope=\"row\">36<\/td>\n<td>Magnez przyswajalny<\/td>\n<td>25,00<\/td>\n<\/tr>\n<tr>\n<td scope=\"row\">37<\/td>\n<td>Bor przyswajalny<\/td>\n<td>25,00<\/td>\n<\/tr>\n<tr>\n<td scope=\"row\">38<\/td>\n<td>\u017belazo przyswajalne<\/td>\n<td rowspan=\"4\">Ekstrakcja roztw\u00f3r Lindsay\u2019a<br \/>\nSpektrometria mas sprz\u0119\u017cona z plazm\u0105 wzbudzan\u0105 indukcyjnie (ICP-MS)<\/td>\n<td rowspan=\"4\">EKO\/LAB\/PB-G-06:2018<\/td>\n<td>25,00<\/td>\n<\/tr>\n<tr>\n<td scope=\"row\">39<\/td>\n<td>Mangan przyswajalny<\/td>\n<td>25,00<\/td>\n<\/tr>\n<tr>\n<td scope=\"row\">40<\/td>\n<td>Mied\u017a przyswajalna<\/td>\n<td>25,00<\/td>\n<\/tr>\n<tr>\n<td scope=\"row\">41<\/td>\n<td>Cynk przyswajalny<\/td>\n<td>25,00<\/td>\n<\/tr>\n<tr>\n<td scope=\"row\">42<\/td>\n<td>Pr\u00f3chnica<\/td>\n<td>Miareczkowa (metoda Tiurina)<\/td>\n<td>EKO\/LAB\/PB-G-04:2018<\/td>\n<td>27,00<\/td>\n<\/tr>\n<tr>\n<td scope=\"row\">43<\/td>\n<td>W\u0119giel organiczny<br \/>\nAzot og\u00f3lny, Stosunek C:N<\/td>\n<td rowspan=\"2\">Wysokotemperaturowego spalania (analiza elementarna)<\/td>\n<td rowspan=\"2\">EKO\/LAB\/PB-G-07:2018<\/td>\n<td>49,00<\/td>\n<\/tr>\n<tr>\n<td scope=\"row\">44<\/td>\n<td>W\u0119giel organiczny, Siarka og.,<br \/>\nAzot og\u00f3lny, Stosunek C:N<\/td>\n<td>59,00<\/td>\n<\/tr>\n<\/tbody>\n<\/table>\n<p>&nbsp;<\/p>\n<table class=\"table\">\n<thead>\n<tr class=\"table-secondary active\">\n<td colspan=\"5\" class=\"text-center\"><strong>BADANIA FIZYKO-CHEMICZNE<\/strong><\/td>\n<\/tr>\n<tr class=\"table-secondary active\">\n<td colspan=\"5\" class=\"text-center\"><strong>GLEBY ROLNICZE <\/strong><\/td>\n<\/tr>\n<tr class=\"table-secondary active\">\n<th class=\"col-md-1\" scope=\"col\">Lp.<\/th>\n<th class=\"col-md-3\" scope=\"col\">Badane cechy\/parametry<\/th>\n<th class=\"col-md-3\" scope=\"col\">Metoda badawcza<\/th>\n<th class=\"col-md-3\" scope=\"col\">Dokumenty odniesienia<\/th>\n<th class=\"col-md-2\" scope=\"col\">Cena us\u0142ugi [z\u0142 brutto]<\/th>\n<\/tr>\n<\/thead>\n<tbody>\n<tr>\n<td scope=\"row\">1<\/td>\n<td>Sucha masa i zawarto\u015b\u0107 wody<\/td>\n<td>Wagowa<\/td>\n<td>PN-ISO 11465:1999<\/td>\n<td>15,00<\/td>\n<\/tr>\n<tr>\n<td scope=\"row\">2<\/td>\n<td>pH w chlorku potasu<\/td>\n<td>Potencjometryczna<\/td>\n<td>PN-ISO 10390:1997<\/td>\n<td>10,00<\/td>\n<\/tr>\n<tr>\n<td scope=\"row\">3<\/td>\n<td>Fosfor przyswajalny<\/td>\n<td rowspan=\"3\">Ekstrakcja Mehlich 3<br \/>\nSpektrometria mas sprz\u0119\u017cona z plazm\u0105 wzbudzan\u0105 indukcyjnie (ICP MS)<\/td>\n<td rowspan=\"3\">EKO\/LAB\/PB-G-01:2018<\/td>\n<td>25,00<\/td>\n<\/tr>\n<tr>\n<td scope=\"row\">4<\/td>\n<td>Potas przyswajalny<\/td>\n<td>25,00<\/td>\n<\/tr>\n<tr>\n<td scope=\"row\">5<\/td>\n<td>Magnez przyswajalny<\/td>\n<td>25,00<\/td>\n<\/tr>\n<tr>\n<td scope=\"row\">6<\/td>\n<td>\u017belazo przyswajalne<\/td>\n<td rowspan=\"5\">Ekstrakcja 1M HCl<br \/>\nSpektrometria mas sprz\u0119\u017cona z plazm\u0105 wzbudzan\u0105 indukcyjnie (ICP-MS)<\/td>\n<td rowspan=\"5\">EKO\/LAB\/PB-G-02:2018<\/td>\n<td>15,00<\/td>\n<\/tr>\n<tr>\n<td scope=\"row\">7<\/td>\n<td>Mangan przyswajalny<\/td>\n<td>25,00<\/td>\n<\/tr>\n<tr>\n<td scope=\"row\">8<\/td>\n<td>Mied\u017a przyswajalna<\/td>\n<td>25,00<\/td>\n<\/tr>\n<tr>\n<td scope=\"row\">9<\/td>\n<td>Cynk przyswajalny<\/td>\n<td>25,00<\/td>\n<\/tr>\n<tr>\n<td scope=\"row\">10<\/td>\n<td>Bor przyswajalny<\/td>\n<td>25,00<\/td>\n<\/tr>\n<tr>\n<td scope=\"row\">11<\/td>\n<td>\u017belazo ca\u0142kowite<\/td>\n<td rowspan=\"5\">Mineralizacja mikrofalowa<br \/>\nSpektrometria mas sprz\u0119\u017cona z plazm\u0105 wzbudzan\u0105 indukcyjnie (ICP-MS)<\/td>\n<td rowspan=\"5\">EKO\/LAB\/PB-G-03:2018<\/td>\n<td>40,00<\/td>\n<\/tr>\n<tr>\n<td scope=\"row\">12<\/td>\n<td>Mangan ca\u0142kowity<\/td>\n<td>40,00<\/td>\n<\/tr>\n<tr>\n<td scope=\"row\">13<\/td>\n<td>Mied\u017a ca\u0142kowita<\/td>\n<td>40,00<\/td>\n<\/tr>\n<tr>\n<td scope=\"row\">14<\/td>\n<td>Cynk ca\u0142kowity<\/td>\n<td>40,00<\/td>\n<\/tr>\n<tr>\n<td scope=\"row\">15<\/td>\n<td>Bor ca\u0142kowity<\/td>\n<td>40,00<\/td>\n<\/tr>\n<tr>\n<td scope=\"row\">16<\/td>\n<td>Pr\u00f3chnica<\/td>\n<td>Miareczkowa (metoda Tiurina)<\/td>\n<td>EKO\/LAB\/PB-G-04:2018<\/td>\n<td>27,00<\/td>\n<\/tr>\n<tr>\n<td scope=\"row\">17<\/td>\n<td>W\u0119giel organiczny<br \/>\nAzot og\u00f3lny, Stosunek C:N<\/td>\n<td rowspan=\"2\">Wysokotemperaturowego spalania (analiza elementarna)<\/td>\n<td rowspan=\"2\">EKO\/LAB\/PB-G-07:2018<\/td>\n<td>49,00<\/td>\n<\/tr>\n<tr>\n<td scope=\"row\">18<\/td>\n<td>W\u0119giel organiczny, Siarka og.,<br \/>\nAzot og\u00f3lny, Stosunek C:N<\/td>\n<td>59,00<\/td>\n<\/tr>\n<tr>\n<td scope=\"row\">19<\/td>\n<td>Siarka siarczanowa<\/td>\n<td>(wg metody podwykonawcy)<\/td>\n<td>(wg metody podwykonawcy)<\/td>\n<td>50,00<\/td>\n<\/tr>\n<tr>\n<td scope=\"row\">20<\/td>\n<td>Azot azotanowy, azot amonowy<\/td>\n<td>(wg metody podwykonawcy)<\/td>\n<td>(wg metody podwykonawcy)<\/td>\n<td>40,00<\/td>\n<\/tr>\n<tr>\n<td scope=\"row\">21<\/td>\n<td>Sk\u0142ad granulometryczny<\/td>\n<td>(wg metody podwykonawcy)<\/td>\n<td>(wg metody podwykonawcy)<\/td>\n<td>40,00<\/td>\n<\/tr>\n<\/tbody>\n<\/table>\n<p>&nbsp;<\/p>\n<table class=\"table\">\n<thead>\n<tr class=\"table-secondary active\">\n<td colspan=\"5\" class=\"text-center\">\n<strong>PAKIETY BADA\u0143 FIZYKO-CHEMICZNYCH<\/strong><\/td>\n<\/tr>\n<tr class=\"table-secondary active\">\n<td colspan=\"5\" class=\"text-center\">\n<strong>GLEBY I POD\u0141O\u017bA OGRODNICZE<\/strong><\/td>\n<\/tr>\n<tr class=\"table-secondary active\">\n<th class=\"col-md-1\"><strong>Lp<\/strong><\/th>\n<th class=\"col-md-3\"><strong>Badane cechy\/parametry<\/strong><\/th>\n<th class=\"col-md-6\" colspan=\"2\">Zawarto\u015b\u0107 pakietu (formy przyswajalne)<\/th>\n<th class=\"col-md-2\">Cena us\u0142ugi [z\u0142 brutto]<\/th>\n<\/tr>\n<\/thead>\n<tbody>\n<tr>\n<td>45<\/td>\n<td>PODSTAWOWY<\/td>\n<td colspan=\"2\">pH, Fosfor, Potas, Magnez<\/td>\n<td>19,00<\/td>\n<\/tr>\n<tr>\n<td>46<\/td>\n<td>STANDARDOWY<\/td>\n<td colspan=\"2\">pH, Fosfor, Potas, Magnez, \u017belazo, Mangan, Mied\u017a, Cynk<\/td>\n<td>55,00<\/td>\n<\/tr>\n<tr>\n<td>47<\/td>\n<td>STANDARDOWY + Bor<\/td>\n<td colspan=\"2\">pH, Fosfor, Potas, Magnez, \u017belazo, Mangan, Mied\u017a, Cynk, Bor<\/td>\n<td>65,00<\/td>\n<\/tr>\n<tr>\n<td>48<\/td>\n<td>MAKRO<\/td>\n<td colspan=\"2\">pH, Fosfor, Potas, Magnez, Pr\u00f3chnica, Azot og\u00f3lny, Stosunek C:N<\/td>\n<td>70,00<\/td>\n<\/tr>\n<tr>\n<td>49<\/td>\n<td>MAKRO + Siarka<\/td>\n<td colspan=\"2\">pH, Fosfor, Potas, Magnez, Pr\u00f3chnica, Azot og\u00f3lny, Stosunek C:N, Siarka og\u00f3lna<\/td>\n<td>80,00<\/td>\n<\/tr>\n<tr>\n<td>50<\/td>\n<td>KOMPLETNY<\/td>\n<td colspan=\"2\">pH, Fosfor, Potas, Magnez, \u017belazo, Mangan, Mied\u017a, Cynk,<br \/>\nPr\u00f3chnica, Azot og\u00f3lny, Stosunek C:N<\/td>\n<td>100,00<\/td>\n<\/tr>\n<tr>\n<td>51<\/td>\n<td>KOMPLETNY + Siarka<\/td>\n<td colspan=\"2\">pH, Fosfor, Potas, Magnez, \u017belazo, Mangan, Mied\u017a, Cynk,<br \/>\nPr\u00f3chnica, Azot og\u00f3lny, Stosunek C:N, Siarka og\u00f3lna<\/td>\n<td>110,00<\/td>\n<\/tr>\n<tr>\n<td>52<\/td>\n<td>KOMPLETNY + Bor<\/td>\n<td colspan=\"2\">pH, Fosfor, Potas, Magnez, \u017belazo, Mangan, Mied\u017a, Cynk, Bor,<br \/>\nPr\u00f3chnica, Azot og\u00f3lny, Stosunek C:N<\/td>\n<td>110,00<\/td>\n<\/tr>\n<tr>\n<td>53<\/td>\n<td>KOMPLETNY + Bor + Siarka<\/td>\n<td colspan=\"2\">pH, Fosfor, Potas, Magnez, \u017belazo, Mangan, Mied\u017a, Cynk, Bor,<br \/>\nPr\u00f3chnica, Azot og\u00f3lny, Stosunek C:N, Siarka og\u00f3lna<\/td>\n<td>120,00<\/td>\n<\/tr>\n<tr>\n<td>54<\/td>\n<td>PR\u00d3CHNICA + AZOT<\/td>\n<td colspan=\"2\">Pr\u00f3chnica, W\u0119giel organiczny, Stosunek C:N<\/td>\n<td>49,00<\/td>\n<\/tr>\n<\/tbody>\n<\/table>\n<p>&nbsp;<\/p>\n<table class=\"table\">\n<thead>\n<tr class=\"table-secondary active\">\n<th colspan=\"5\" class=\"text-center\">&nbsp;<br \/>\n<strong>ANALIZY MIKROBIOLOGICZNE GLEB<\/strong><\/th>\n<\/tr>\n<tr class=\"table-secondary active\">\n<th class=\"col-md-1\">Lp.<\/th>\n<th class=\"col-md-9\" colspan=\"3\">Nazwa us\u0142ugi<\/th>\n<th class=\"col-md-2\">Cena us\u0142ugi [z\u0142 brutto]<\/th>\n<\/tr>\n<\/thead>\n<tbody>\n<tr>\n<td>55<\/td>\n<td colspan=\"3\">Oznaczenie og\u00f3lnej liczebno\u015bci mikroorganizm\u00f3w glebowych<\/td>\n<td>55,00\/ <strong>pr\u00f3bka<\/strong><\/td>\n<\/tr>\n<tr>\n<td>56<\/td>\n<td colspan=\"3\">Oznaczenie aktywno\u015bci mikroorganizm\u00f3w glebowych (dehydrogenazy)<\/td>\n<td>80,00\/ <strong>pr\u00f3bka<\/strong><\/td>\n<\/tr>\n<\/tbody>\n<\/table>\n<p>&nbsp;<\/p>\n<table class=\"table\">\n<thead>\n<tr class=\"table-secondary active\">\n<th colspan=\"5\" class=\"text-center\">\n<strong>US\u0141UGI DODATKOWE [DO PAKIET\u00d3W BADA\u0143 PR\u00d3BEK GLEBOWYCH]<\/strong><\/th>\n<\/tr>\n<tr>\n<th class=\"col-md-1\">Lp.<\/th>\n<th class=\"col-md-9\" colspan=\"3\">Nazwa us\u0142ugi<\/th>\n<th class=\"col-md-2\">Cena us\u0142ugi [z\u0142 brutto]<\/th>\n<\/tr>\n<\/thead>\n<tbody>\n<tr>\n<td>57<\/td>\n<td colspan=\"3\">Automatyczny pob\u00f3r pr\u00f3bek glebowych z obrysem pola*<\/td>\n<td>30,00\/ <strong>pr\u00f3bka<\/strong><\/td>\n<\/tr>\n<tr>\n<td>57<\/td>\n<td colspan=\"3\">R\u0119czny pob\u00f3r pr\u00f3bek glebowych*<\/td>\n<td>20,00\/ <strong>pr\u00f3bka<\/strong><\/td>\n<\/tr>\n<tr>\n<td>57<\/td>\n<td colspan=\"3\">Pob\u00f3r pr\u00f3bek glebowych do oznacze\u0144 azotu mineralnego (z dw\u00f3ch g\u0142\u0119boko\u015bci 0-30cm,30-60cm)*<\/td>\n<td>50,00\/ <strong>pr\u00f3bka<\/strong><\/td>\n<\/tr>\n<tr>\n<td>57<\/td>\n<td colspan=\"3\">Mapy zasobno\u015bci p\u00f3l w makroelementy<\/td>\n<td>10,00\/ <strong>zlecenie<\/strong><\/td>\n<\/tr>\n<tr>\n<td>57<\/td>\n<td colspan=\"3\">Zalecenia nawozowe<\/td>\n<td>10,00\/ <strong>pr\u00f3bka<\/strong><\/td>\n<\/tr>\n<tr>\n<td>62<\/td>\n<td colspan=\"3\">Dojazd do miejsca poboru z Laboratorium Ekodarpol  (liczony w jedn\u0105 stron\u0119)<\/td>\n<td>2 z\u0142\/ <strong>km<\/strong><\/td>\n<\/tr>\n<\/tbody>\n<\/table>\n<p><em>Oznaczenia: r.e \u2013 roztw\u00f3r ekstrakcyjny, org- organiczny<\/em><br \/>\n*- Dla pr\u00f3bek gleby analizowanych poza Laboratorium Ekodarpol ceny poboru s\u0105 odpowiednio wy\u017csze. Pozycja cennika nr: 57 (50 z\u0142 pr\u00f3bka),  58 (40 z\u0142 pr\u00f3bka), 59 ( 80 z\u0142 pr\u00f3bka)<\/p>\n<p><strong>Regulamin oferty:<\/strong><\/p>\n<ol>\n<li>Pakiety dotycz\u0105 form biodost\u0119pnych makro i mikroelement\u00f3w.<\/li>\n<li>Podane ceny odnosz\u0105 si\u0119 do jednej pr\u00f3bki laboratoryjnej.<\/li>\n<li>Podane ceny brutto zawieraj\u0105 podatek VAT w wysoko\u015bci 23%.<\/li>\n<li>Jedna pr\u00f3bka laboratoryjna w przypadku gleb rolniczych obejmuje maksymalnie 4 ha.<\/li>\n<\/ol>\n<p>&nbsp;<\/p>\n","protected":false},"excerpt":{"rendered":"<p>Cennik obowi\u0105zuje od dnia 16.07.2022 &nbsp; BADANIA FIZYKO-CHEMICZNE GLEBY ROLNICZE Lp. Badane cechy\/parametry Metoda badawcza Dokumenty odniesienia Cena us\u0142ugi [z\u0142 brutto] 1 Sucha masa i zawarto\u015b\u0107 wody Wagowa PN-ISO 11465:1999 18,00 2 pH w chlorku potasu Potencjometryczna PN-ISO 10390:1997 10,00 3 Fosfor przyswajalny Ekstrakcja Mehlich 3 Spektrometria mas sprz\u0119\u017cona z plazm\u0105 wzbudzan\u0105 indukcyjnie (ICP MS) [&hellip;]<\/p>\n","protected":false},"author":2,"featured_media":0,"parent":0,"menu_order":0,"comment_status":"closed","ping_status":"closed","template":"","meta":{"footnotes":""},"class_list":["post-1223","page","type-page","status-publish","hentry"],"acf":[],"_links":{"self":[{"href":"https:\/\/www.ekodarpol.pl\/laboratorium\/en\/wp-json\/wp\/v2\/pages\/1223\/"}],"collection":[{"href":"https:\/\/www.ekodarpol.pl\/laboratorium\/en\/wp-json\/wp\/v2\/pages\/"}],"about":[{"href":"https:\/\/www.ekodarpol.pl\/laboratorium\/en\/wp-json\/wp\/v2\/types\/page\/"}],"author":[{"embeddable":true,"href":"https:\/\/www.ekodarpol.pl\/laboratorium\/en\/wp-json\/wp\/v2\/users\/2\/"}],"replies":[{"embeddable":true,"href":"https:\/\/www.ekodarpol.pl\/laboratorium\/en\/wp-json\/wp\/v2\/comments\/?post=1223"}],"version-history":[{"count":2,"href":"https:\/\/www.ekodarpol.pl\/laboratorium\/en\/wp-json\/wp\/v2\/pages\/1223\/revisions\/"}],"predecessor-version":[{"id":1544,"href":"https:\/\/www.ekodarpol.pl\/laboratorium\/en\/wp-json\/wp\/v2\/pages\/1223\/revisions\/1544\/"}],"wp:attachment":[{"href":"https:\/\/www.ekodarpol.pl\/laboratorium\/en\/wp-json\/wp\/v2\/media\/?parent=1223"}],"curies":[{"name":"wp","href":"https:\/\/api.w.org\/{rel}","templated":true}]}}