{"id":1283,"date":"2017-06-26T14:28:35","date_gmt":"2017-06-26T12:28:35","guid":{"rendered":"http:\/\/www.ekodarpol.pl\/laboratorium\/zalecenia-nawozowe\/"},"modified":"2019-01-31T19:11:01","modified_gmt":"2019-01-31T18:11:01","slug":"zalecenia-nawozowe","status":"publish","type":"page","link":"https:\/\/www.ekodarpol.pl\/laboratorium\/de\/zalecenia-nawozowe\/","title":{"rendered":"D\u00dcNGEREMPFEHLUNGEN"},"content":{"rendered":"<p>Auf der Grundlage der erhaltenen Ergebnisse von Labortests entwickelt die Landwirtschaftsabteilung von PPH Ekodarpol individuelle D\u00fcngerempfehlungen f\u00fcr landwirtschaftliche und gartenbauliche Pflanzen und erstellt Karten mit dem pH\u00dfWert des Bodens und ihren Gehalt an N\u00e4hrstoffen. Dies erm\u00f6glicht die Anwendung von genau definierten, variablen Dosierungen von D\u00fcngemitteln in verschiedenen Bereichen des Feldes. Dank dieser Vorgehensweise kombinieren wir moderne Landwirtschaft mit dem Schutz der nat\u00fcrlichen Umwelt.<\/p>\n<p>&nbsp;<\/p>\n<p><strong>Hast Du Fragen? Kontaktiere bitte unseren landwirtschaftlichen Koordinator!<\/strong><\/p>\n","protected":false},"excerpt":{"rendered":"<p>Auf der Grundlage der erhaltenen Ergebnisse von Labortests entwickelt die Landwirtschaftsabteilung von PPH Ekodarpol individuelle D\u00fcngerempfehlungen f\u00fcr landwirtschaftliche und gartenbauliche Pflanzen und erstellt Karten mit dem pH\u00dfWert des Bodens und ihren Gehalt an N\u00e4hrstoffen. Dies erm\u00f6glicht die Anwendung von genau definierten, variablen Dosierungen von D\u00fcngemitteln in verschiedenen Bereichen des Feldes. Dank dieser Vorgehensweise kombinieren wir [&hellip;]<\/p>\n","protected":false},"author":2,"featured_media":0,"parent":0,"menu_order":0,"comment_status":"closed","ping_status":"closed","template":"","meta":{"footnotes":""},"class_list":["post-1283","page","type-page","status-publish","hentry"],"acf":[],"_links":{"self":[{"href":"https:\/\/www.ekodarpol.pl\/laboratorium\/de\/wp-json\/wp\/v2\/pages\/1283\/"}],"collection":[{"href":"https:\/\/www.ekodarpol.pl\/laboratorium\/de\/wp-json\/wp\/v2\/pages\/"}],"about":[{"href":"https:\/\/www.ekodarpol.pl\/laboratorium\/de\/wp-json\/wp\/v2\/types\/page\/"}],"author":[{"embeddable":true,"href":"https:\/\/www.ekodarpol.pl\/laboratorium\/de\/wp-json\/wp\/v2\/users\/2\/"}],"replies":[{"embeddable":true,"href":"https:\/\/www.ekodarpol.pl\/laboratorium\/de\/wp-json\/wp\/v2\/comments\/?post=1283"}],"version-history":[{"count":2,"href":"https:\/\/www.ekodarpol.pl\/laboratorium\/de\/wp-json\/wp\/v2\/pages\/1283\/revisions\/"}],"predecessor-version":[{"id":1351,"href":"https:\/\/www.ekodarpol.pl\/laboratorium\/de\/wp-json\/wp\/v2\/pages\/1283\/revisions\/1351\/"}],"wp:attachment":[{"href":"https:\/\/www.ekodarpol.pl\/laboratorium\/de\/wp-json\/wp\/v2\/media\/?parent=1283"}],"curies":[{"name":"wp","href":"https:\/\/api.w.org\/{rel}","templated":true}]}}