{"id":1270,"date":"2016-10-10T13:40:37","date_gmt":"2016-10-10T11:40:37","guid":{"rendered":"http:\/\/www.ekodarpol.pl\/laboratorium\/o-nas\/"},"modified":"2019-01-31T18:41:30","modified_gmt":"2019-01-31T17:41:30","slug":"o-nas","status":"publish","type":"page","link":"https:\/\/www.ekodarpol.pl\/laboratorium\/de\/o-nas\/","title":{"rendered":"\u00dcber uns"},"content":{"rendered":"<p><strong>UNTERSUCHUNGSLABOR EKODARPOL<\/strong><\/p>\n<p>Im Rahmen der Entwicklung von Untersuchungs- und Entwicklungseinrichtungen startete PPH Ekodarpol im Jahr 2015 ein Forschungslabor mit einem biologischen und chemischen Profil. Es erlaubt detaillierte Untersuchung in jeder Phase der Produktion, die eine hohe Qualit\u00e4t der angebotenen Produkte garantiert.<br \/>\nDas Labor bietet auch Laboruntersuchungsdienstleistungen f\u00fcr die Bed\u00fcrfnisse der Landwirtschaft. F\u00fchrt physikalisch-chemische und mikrobiologische Analysen von B\u00f6den, Gew\u00e4ssern, Pflanzen, D\u00fcngemitteln und Lebensmitteln durch.<\/p>\n<p>Es ist spezialisiert in einer umfassenden Bodenuntersuchung f\u00fcr den\u00a0 landwirtschaftlichen Bedarf. Umfasst die Bodenprobenentnahme, Analytik, physikalisch-chemische und mikrobiologische Erarbeitung von Ergebnissen, die einzelnen Bodenkarten und individuelle D\u00fcngerempfehlungen.<\/p>\n<p>Dank der Kompetenz der Mitarbeiter, erstklassige Laborger\u00e4te und die Verwendung standardisierter Testverfahren in kurzer Zeit gewann das Vertrauen einer breiten Palette von zufriedenen Kunden.<br \/>\nKunden des Labors von Ekodarpol k\u00f6nnen auf einen umfassenden Service, P\u00fcnktlichkeit bei der Durchf\u00fchrung der Auftr\u00e4ge, kurze Wartezeiten f\u00fcr Testergebnisse und professionelle Beratung z\u00e4hlen.<\/p>\n<p>&nbsp;<\/p>\n<p><iframe loading=\"lazy\" width=\"750\" height=\"422\" src=\"https:\/\/www.youtube.com\/embed\/VBDGrkpC0fM?feature=oembed\" frameborder=\"0\" allow=\"accelerometer; autoplay; encrypted-media; gyroscope; picture-in-picture\" allowfullscreen><\/iframe><\/p>\n<p style=\"background: white; margin: 0cm 0cm 8.35pt 0cm;\">\n","protected":false},"excerpt":{"rendered":"<p>UNTERSUCHUNGSLABOR EKODARPOL Im Rahmen der Entwicklung von Untersuchungs- und Entwicklungseinrichtungen startete PPH Ekodarpol im Jahr 2015 ein Forschungslabor mit einem biologischen und chemischen Profil. Es erlaubt detaillierte Untersuchung in jeder Phase der Produktion, die eine hohe Qualit\u00e4t der angebotenen Produkte garantiert. Das Labor bietet auch Laboruntersuchungsdienstleistungen f\u00fcr die Bed\u00fcrfnisse der Landwirtschaft. F\u00fchrt physikalisch-chemische und mikrobiologische [&hellip;]<\/p>\n","protected":false},"author":2,"featured_media":701,"parent":0,"menu_order":0,"comment_status":"closed","ping_status":"closed","template":"template-onas.php","meta":{"footnotes":""},"class_list":["post-1270","page","type-page","status-publish","has-post-thumbnail","hentry"],"acf":[],"_links":{"self":[{"href":"https:\/\/www.ekodarpol.pl\/laboratorium\/de\/wp-json\/wp\/v2\/pages\/1270\/"}],"collection":[{"href":"https:\/\/www.ekodarpol.pl\/laboratorium\/de\/wp-json\/wp\/v2\/pages\/"}],"about":[{"href":"https:\/\/www.ekodarpol.pl\/laboratorium\/de\/wp-json\/wp\/v2\/types\/page\/"}],"author":[{"embeddable":true,"href":"https:\/\/www.ekodarpol.pl\/laboratorium\/de\/wp-json\/wp\/v2\/users\/2\/"}],"replies":[{"embeddable":true,"href":"https:\/\/www.ekodarpol.pl\/laboratorium\/de\/wp-json\/wp\/v2\/comments\/?post=1270"}],"version-history":[{"count":4,"href":"https:\/\/www.ekodarpol.pl\/laboratorium\/de\/wp-json\/wp\/v2\/pages\/1270\/revisions\/"}],"predecessor-version":[{"id":1347,"href":"https:\/\/www.ekodarpol.pl\/laboratorium\/de\/wp-json\/wp\/v2\/pages\/1270\/revisions\/1347\/"}],"wp:featuredmedia":[{"embeddable":true,"href":"https:\/\/www.ekodarpol.pl\/laboratorium\/de\/wp-json\/wp\/v2\/media\/701\/"}],"wp:attachment":[{"href":"https:\/\/www.ekodarpol.pl\/laboratorium\/de\/wp-json\/wp\/v2\/media\/?parent=1270"}],"curies":[{"name":"wp","href":"https:\/\/api.w.org\/{rel}","templated":true}]}}