{"id":1229,"date":"2017-06-22T11:32:01","date_gmt":"2017-06-22T09:32:01","guid":{"rendered":"http:\/\/www.ekodarpol.pl\/laboratorium\/badania-fizyko-chemiczne-gleb\/"},"modified":"2019-01-31T18:56:58","modified_gmt":"2019-01-31T17:56:58","slug":"badania-fizyko-chemiczne-gleb","status":"publish","type":"page","link":"https:\/\/www.ekodarpol.pl\/laboratorium\/de\/badania-fizyko-chemiczne-gleb\/","title":{"rendered":"PHYSISCH-CHEMISCHE UNTERSUCHUNGEN VON B\u00d6DEN"},"content":{"rendered":"<h4>ANALYSE VON LANDWIRTSCHAFTLICHEN B\u00d6DEN<\/h4>\n<p><img loading=\"lazy\" decoding=\"async\" class=\"alignright size-full wp-image-888\" src=\"http:\/\/www.ekodarpol.pl\/laboratorium\/wp-content\/uploads\/2017\/06\/traktorek-1.jpg\" alt=\"traktorek\" width=\"300\" height=\"180\" \/><br \/>\nLaboruntersuchungen von landwirtschaftlichen B\u00f6den zur D\u00fcngung werden durchgef\u00fchrt, indem Elemente aus dem lufttrockenen Boden extrahiert werden. Zu den wichtigsten Parameter, die bezeichnet, in landwirtschaftlich genutzten B\u00f6den bestimmt werden , z\u00e4hlen: der pH-Wert und der Gehalt an Humus, Gesamtstickstoff und N von mineralischem Stickstoff, Kalium, Magnesium, Phosphor, Eisen, Kupfer, Mangan, Zink, Molybd\u00e4n, Kobalt und Schwefel m\u00f6glich Zus\u00e4tzlich k\u00f6nnen noch K\u00f6rnungsverteilung und Gehalt an Schwermetallen untersucht werden (Cu , Zn, Pb, Ni, Cd, Cr).<\/p>\n<p><a href=\"http:\/\/www.ekodarpol.pl\/laboratorium\/de\/?page_id=1224\"><input type=\"submit\" value=\"Siehe die Preisliste der Dienstleistungen\" \/><\/a><\/p>\n<p>&nbsp;<\/p>\n<p><img loading=\"lazy\" decoding=\"async\" class=\"alignright size-medium wp-image-868\" src=\"http:\/\/www.ekodarpol.pl\/laboratorium\/wp-content\/uploads\/2017\/06\/sad2-300x200.jpg\" alt=\"\" width=\"300\" height=\"200\" srcset=\"https:\/\/www.ekodarpol.pl\/laboratorium\/wp-content\/uploads\/2017\/06\/sad2-300x200.jpg 300w, https:\/\/www.ekodarpol.pl\/laboratorium\/wp-content\/uploads\/2017\/06\/sad2-768x512.jpg 768w, https:\/\/www.ekodarpol.pl\/laboratorium\/wp-content\/uploads\/2017\/06\/sad2-1024x683.jpg 1024w, https:\/\/www.ekodarpol.pl\/laboratorium\/wp-content\/uploads\/2017\/06\/sad2-200x133.jpg 200w, https:\/\/www.ekodarpol.pl\/laboratorium\/wp-content\/uploads\/2017\/06\/sad2-630x420.jpg 630w, https:\/\/www.ekodarpol.pl\/laboratorium\/wp-content\/uploads\/2017\/06\/sad2.jpg 1298w\" sizes=\"(max-width: 300px) 100vw, 300px\" \/><\/p>\n<h4>ANALYSE VON OBSTBAUB\u00d6DEN<\/h4>\n<p>Die obstbaulichen B\u00f6den werden nach den f\u00fcr landwirtschaftliche B\u00f6den verwendeten Methoden analysiert. Eine wichtige \u00c4nderung f\u00fcr solche B\u00f6den ist die Art der Probenahme und die Verwendung geeigneter Grenzzahlen f\u00fcr die Interpretation der Testergebnisse.<\/p>\n<p><a href=\"http:\/\/www.ekodarpol.pl\/laboratorium\/de\/?page_id=1224\"><input type=\"submit\" value=\"Siehe die Preisliste der Dienstleistungen\" \/><\/a><\/p>\n<p>&nbsp;<\/p>\n<p>&nbsp;<\/p>\n<p><img loading=\"lazy\" decoding=\"async\" class=\"alignright size-medium wp-image-877\" src=\"http:\/\/www.ekodarpol.pl\/laboratorium\/wp-content\/uploads\/2017\/06\/burak-pastewny-2-300x206.jpg\" alt=\"burak pastewny 2\" width=\"300\" height=\"206\" srcset=\"https:\/\/www.ekodarpol.pl\/laboratorium\/wp-content\/uploads\/2017\/06\/burak-pastewny-2-300x206.jpg 300w, https:\/\/www.ekodarpol.pl\/laboratorium\/wp-content\/uploads\/2017\/06\/burak-pastewny-2-200x137.jpg 200w, https:\/\/www.ekodarpol.pl\/laboratorium\/wp-content\/uploads\/2017\/06\/burak-pastewny-2.jpg 419w\" sizes=\"(max-width: 300px) 100vw, 300px\" \/><\/p>\n<h4>ANALYSE DER GARTENB\u00d6DEN<\/h4>\n<p>Laboruntersuchungen von Gartenbaub\u00f6den werden durchgef\u00fchrt, indem frischer Boden mit einer L\u00f6sung von Essigs\u00e4ure extrahiert wird (universelle Methode). Die ermittelten Parameter sind pH-Wert des Bodens, Salzgehalt, Kaliumgehalt, Phosphor und Magnesium.<\/p>\n<p><a href=\"http:\/\/www.ekodarpol.pl\/laboratorium\/de\/?page_id=1224\"><input type=\"submit\" value=\"Siehe die Preisliste der Dienstleistungen\" \/><\/a><\/p>\n<p>&nbsp;<\/p>\n","protected":false},"excerpt":{"rendered":"<p>ANALYSE VON LANDWIRTSCHAFTLICHEN B\u00d6DEN Laboruntersuchungen von landwirtschaftlichen B\u00f6den zur D\u00fcngung werden durchgef\u00fchrt, indem Elemente aus dem lufttrockenen Boden extrahiert werden. Zu den wichtigsten Parameter, die bezeichnet, in landwirtschaftlich genutzten B\u00f6den bestimmt werden , z\u00e4hlen: der pH-Wert und der Gehalt an Humus, Gesamtstickstoff und N von mineralischem Stickstoff, Kalium, Magnesium, Phosphor, Eisen, Kupfer, Mangan, Zink, Molybd\u00e4n, [&hellip;]<\/p>\n","protected":false},"author":2,"featured_media":701,"parent":0,"menu_order":0,"comment_status":"closed","ping_status":"closed","template":"","meta":{"footnotes":""},"class_list":["post-1229","page","type-page","status-publish","has-post-thumbnail","hentry"],"acf":[],"_links":{"self":[{"href":"https:\/\/www.ekodarpol.pl\/laboratorium\/de\/wp-json\/wp\/v2\/pages\/1229\/"}],"collection":[{"href":"https:\/\/www.ekodarpol.pl\/laboratorium\/de\/wp-json\/wp\/v2\/pages\/"}],"about":[{"href":"https:\/\/www.ekodarpol.pl\/laboratorium\/de\/wp-json\/wp\/v2\/types\/page\/"}],"author":[{"embeddable":true,"href":"https:\/\/www.ekodarpol.pl\/laboratorium\/de\/wp-json\/wp\/v2\/users\/2\/"}],"replies":[{"embeddable":true,"href":"https:\/\/www.ekodarpol.pl\/laboratorium\/de\/wp-json\/wp\/v2\/comments\/?post=1229"}],"version-history":[{"count":2,"href":"https:\/\/www.ekodarpol.pl\/laboratorium\/de\/wp-json\/wp\/v2\/pages\/1229\/revisions\/"}],"predecessor-version":[{"id":1348,"href":"https:\/\/www.ekodarpol.pl\/laboratorium\/de\/wp-json\/wp\/v2\/pages\/1229\/revisions\/1348\/"}],"wp:featuredmedia":[{"embeddable":true,"href":"https:\/\/www.ekodarpol.pl\/laboratorium\/de\/wp-json\/wp\/v2\/media\/701\/"}],"wp:attachment":[{"href":"https:\/\/www.ekodarpol.pl\/laboratorium\/de\/wp-json\/wp\/v2\/media\/?parent=1229"}],"curies":[{"name":"wp","href":"https:\/\/api.w.org\/{rel}","templated":true}]}}