{"id":13618,"date":"2016-10-10T13:40:37","date_gmt":"2016-10-10T11:40:37","guid":{"rendered":"http:\/\/www.ekodarpol.pl\/dod\/o-nas\/"},"modified":"2019-02-21T10:07:06","modified_gmt":"2019-02-21T09:07:06","slug":"o-nas","status":"publish","type":"page","link":"https:\/\/www.ekodarpol.pl\/de\/o-nas\/","title":{"rendered":"\u00dcber uns"},"content":{"rendered":"<p><strong>Meine Damen und Herren!<\/strong><\/p>\n<p><strong><span style=\"font-weight: 400;\">Wir sind ein polnisches Unternehmen, das 1993 mit der Produktion von D\u00fcngemitteln begann. Bereits zu dieser Zeit war EKODARPOL ein Familienunternehmen, das Wert auf Ehrlichkeit, Vertrauen und gegenseitigen Respekt legt. \u00a0<\/span><span style=\"font-weight: 400;\"><strong>Unsere Marke ist untrennbar mit dem Namen ZUBALA verbunden. Der Besitzer &#8211; Zbigniew Zubala, vor Gesch\u00e4ftspartnern und Kunden, antwortet mit seinem Namen und Gesicht, das Teil des EKODARPOL-Logos ist. Das bedeutet, dass unsere Produkte Standards erf\u00fcllen m\u00fcssen, die wir uns in unserem eigenen Zuhause nicht sch\u00e4men m\u00fcssten.<\/strong><\/span><\/strong><\/p>\n<p><span style=\"font-weight: 400;\">Unser erstes Flaggschiffprodukt war BIOHUMUS EXTRA, hergestellt dank unserer eigenen Regenwurmzucht, die die gr\u00f6\u00dfte und professionellste dieser Art in Polen ist. Nach BIOHUMUS EXTRA haben wir in den folgenden Jahren neue starke Marken und ausgezeichnete Produkte eingef\u00fchrt &#8211; HUMUS ACTIVE, PLONAR ACTIVE, HUMUS UP, BIOCHRON und viele mehr. Wir sind offen f\u00fcr alle Arten von Vorschl\u00e4gen unserer Kunden, dank derer wir das Sortiment st\u00e4ndig verbessern und erweitern und es an die sich \u00e4ndernden Marktbed\u00fcrfnisse anpassen.<\/span><\/p>\n<p><span style=\"font-weight: 400;\">Mit dem Fokus auf qualitativ hochwertige Produkte und die volle Verf\u00fcgbarkeit des Netzes besten Gro\u00dfh\u00e4ndler und Gesch\u00e4fte bieten, haben wir das Vertrauen der Nutzer &#8211; Vielzahl von Parzellen gewonnen, Z\u00fcchter von Blumen, Obst und Gem\u00fcse, die Landwirte und diejenigen, die f\u00fcr Zimmerpflanzen und Ziergarten k\u00fcmmern. EKODARPOL die Produkte h\u00f6chste Qualit\u00e4t hat erkannt worden und hat zu gewinnen viele Preise und Titel auf nationaler Ebene, wie GOOD BRAND 2013 und 2014 MAKE GOOD f\u00fchrte THE BEST IN POLEN, die f\u00fcr uns Markenzeichen Zuverl\u00e4ssigkeit und Qualit\u00e4t darstellen.<\/span><\/p>\n<p><span style=\"font-weight: 400;\">\u00a0<\/span><\/p>\n<p>&nbsp;<\/p>\n<p><img fetchpriority=\"high\" decoding=\"async\" class=\"aligncenter size-large wp-image-13313\" src=\"http:\/\/www.ekodarpol.pl\/dod\/wp-content\/uploads\/2016\/10\/produkcja-eko-1024x576.jpg\" alt=\"produkcja eko\" width=\"750\" height=\"422\" srcset=\"https:\/\/www.ekodarpol.pl\/wp-content\/uploads\/2016\/10\/produkcja-eko-1024x576.jpg 1024w, https:\/\/www.ekodarpol.pl\/wp-content\/uploads\/2016\/10\/produkcja-eko-300x169.jpg 300w, https:\/\/www.ekodarpol.pl\/wp-content\/uploads\/2016\/10\/produkcja-eko-768x432.jpg 768w, https:\/\/www.ekodarpol.pl\/wp-content\/uploads\/2016\/10\/produkcja-eko-200x113.jpg 200w, https:\/\/www.ekodarpol.pl\/wp-content\/uploads\/2016\/10\/produkcja-eko.jpg 1920w\" sizes=\"(max-width: 750px) 100vw, 750px\" \/><\/p>\n<p><span style=\"font-weight: 400;\">Wir verf\u00fcgen \u00fcber qualifiziertes Personal, moderne Ausr\u00fcstung und angemessene Lagereinrichtungen, die eine hohe Produktionseffizienz und Kontinuit\u00e4t der Versorgung garantieren. Wir haben auch unser eigenes modernes Labor, das mit der h\u00f6chsten Qualit\u00e4t der analytischen Ausr\u00fcstung ausgestattet ist, so dass die Qualit\u00e4t unserer Produkte immer auf dem h\u00f6chsten Niveau ist. All dies passt in die vorgesehene Entwicklungsrichtung eines Unternehmens, das Produkte f\u00fcr \u00f6kologische und nat\u00fcrliche Methoden der Pflanzenproduktion produziert.<\/span><\/p>\n<p><span style=\"font-weight: 400;\">Zur gleichen Zeit f\u00fchren wir Werbeaktivit\u00e4ten in Form von gesponserten Fernsehprogrammen, Radioprogrammen, Artikeln in der Fachpresse durch, organisieren auch zahlreiche Schulungen, nehmen an Messen teil, subventionieren experimentelle Kulturen. Die aktuelle Situation des Unternehmens auf dem Markt und die eingeschlagene Strategie der kontinuierlichen Entwicklung ist ein Garant f\u00fcr Stabilit\u00e4t und Zuverl\u00e4ssigkeit des Unternehmens.<\/span><\/p>\n<div class=\"youtube-subscribe-bar-container\">\n<div><iframe width=\"750\" height=\"422\" src=\"https:\/\/www.youtube.com\/embed\/UOFzKfzfVvU?feature=oembed\" frameborder=\"0\" allow=\"accelerometer; autoplay; encrypted-media; gyroscope; picture-in-picture\" allowfullscreen><\/iframe><\/div>\n<div class=\"youtube-subscribe-bar\" style=\"color: #ffffff;background-color: #1b1b1b;\">\n<div>Subskrybuj nasz kana\u0142 Youtube<\/div>\n<div>\n\t\t<iframe\n\t\t\t\tsrc=\"https:\/\/www.youtube.com\/subscribe_embed?usegapi=1&amp;channelid=UCrhH2mtqXMKGqY2bKF_Y5cg&amp;layout=default&amp;theme=default&amp;count=hidden&amp;origin=https%3A%2F%2Fwww.ekodarpol.pl%2F\"><\/iframe><\/div>\n<div class=\"clear\"><\/div>\n<\/div>\n<\/div>\n<p>&nbsp;<\/p>\n","protected":false},"excerpt":{"rendered":"<p>Meine Damen und Herren! Wir sind ein polnisches Unternehmen, das 1993 mit der Produktion von D\u00fcngemitteln begann. Bereits zu dieser Zeit war EKODARPOL ein Familienunternehmen, das Wert auf Ehrlichkeit, Vertrauen und gegenseitigen Respekt legt. \u00a0Unsere Marke ist untrennbar mit dem Namen ZUBALA verbunden. Der Besitzer &#8211; Zbigniew Zubala, vor Gesch\u00e4ftspartnern und Kunden, antwortet mit seinem [&hellip;]<\/p>\n","protected":false},"author":5,"featured_media":0,"parent":0,"menu_order":0,"comment_status":"closed","ping_status":"closed","template":"template-onas.php","meta":{"footnotes":""},"class_list":["post-13618","page","type-page","status-publish","hentry"],"acf":{"form_type":"freshmail","baner":false,"kolumna_2_title":"Ekodarpol in Zahlen","certyfikaty_title":"Certyfikaty","certyfikaty":[{"certyfikat":"https:\/\/www.ekodarpol.pl\/wp-content\/uploads\/2016\/09\/Warstwa-28.png"},{"certyfikat":"https:\/\/www.ekodarpol.pl\/wp-content\/uploads\/2016\/09\/Warstwa-29.png"},{"certyfikat":"https:\/\/www.ekodarpol.pl\/wp-content\/uploads\/2016\/09\/Warstwa-30.png"},{"certyfikat":"https:\/\/www.ekodarpol.pl\/wp-content\/uploads\/2015\/04\/Warstwa-8.jpg"}],"galeria_title":"Ihre Effekte","galeria_shortcode":"<div id=\"mg_wrap_31\" class=\"mg_grid_wrap mg_deeplink  mg_no_filters \"><div id=\"mg_grid_31\" class=\"mg_container   \" rel=\"auto\" mg-pag=\"1\" ><div class=\"mg_loader\">  <div class=\"mgl_1\"><\/div>  <div class=\"mgl_2\"><\/div>  <div class=\"mgl_3\"><\/div>  <div class=\"mgl_4\"><\/div><\/div><div id=\"69e1c972bcf15\" class=\"mg_box mg_pre_show col1_4 row1_4 m_col1_2 m_row1_3 mgi_412 mg_pag_1 mg_image mg_transitions mg_closed   \" rel=\"pid_412\"  mgi_w=\"0.25\" mgi_h=\"0.25\" mgi_mw=\"0.5\" mgi_mh=\"0.333\" ><div class=\"mg_shadow_div\"><div class=\"img_wrap mg_has_txt_under\" ><div><img src=\"\" class=\"thumb\" alt=\"Image 1\" fullurl=\"\/\/www.ekodarpol.pl\/wp-content\/uploads\/ewpt_cache\/300x300_85_1_c_FFFFFF_9a11d11a6683a5caf576968275db2469_zdjecie_1.jpg\" mobileurl=\"\/\/www.ekodarpol.pl\/wp-content\/uploads\/ewpt_cache\/400x267_85_1_c_FFFFFF_9a11d11a6683a5caf576968275db2469_zdjecie_1.jpg\" \/><noscript><img src=\"\/\/www.ekodarpol.pl\/wp-content\/uploads\/ewpt_cache\/300x300_85_1_c_FFFFFF_9a11d11a6683a5caf576968275db2469_zdjecie_1.jpg\" alt=\"Image 1\" \/><\/noscript><div class=\"overlays\"><div class=\"overlay\"><\/div><div class=\"cell_more\"><span><\/span><\/div><div class=\"cell_type\"><span class=\"mg_overlay_tit\">Image 1<\/span><\/div><\/div><a href=\"https:\/\/www.ekodarpol.pl\/de\/wp-json\/wp\/v2\/pages\/13618\/#!mg_ld_412\" class=\"mg_seo_dl_link\">'<\/a><\/div><\/div><\/div><\/div><div id=\"69e1c972bd7d4\" class=\"mg_box mg_pre_show col1_4 row1_2 m_col1_2 m_row1_3 mgi_413 mg_pag_1 mg_image mg_transitions mg_closed   \" rel=\"pid_413\"  mgi_w=\"0.25\" mgi_h=\"0.5\" mgi_mw=\"0.5\" mgi_mh=\"0.333\" ><div class=\"mg_shadow_div\"><div class=\"img_wrap mg_has_txt_under\" ><div><img src=\"\" class=\"thumb\" alt=\"Image 2\" fullurl=\"\/\/www.ekodarpol.pl\/wp-content\/uploads\/ewpt_cache\/300x600_85_1_c_FFFFFF_887bd793ca03190674cd6a1c30fbaa8e_zdjecie_1.jpg\" mobileurl=\"\/\/www.ekodarpol.pl\/wp-content\/uploads\/ewpt_cache\/400x267_85_1_c_FFFFFF_887bd793ca03190674cd6a1c30fbaa8e_zdjecie_1.jpg\" \/><noscript><img src=\"\/\/www.ekodarpol.pl\/wp-content\/uploads\/ewpt_cache\/300x600_85_1_c_FFFFFF_887bd793ca03190674cd6a1c30fbaa8e_zdjecie_1.jpg\" alt=\"Image 2\" \/><\/noscript><div class=\"overlays\"><div class=\"overlay\"><\/div><div class=\"cell_more\"><span><\/span><\/div><div class=\"cell_type\"><span class=\"mg_overlay_tit\">Image 2<\/span><\/div><\/div><a href=\"https:\/\/www.ekodarpol.pl\/de\/wp-json\/wp\/v2\/pages\/13618\/#!mg_ld_413\" class=\"mg_seo_dl_link\">'<\/a><\/div><\/div><\/div><\/div><div id=\"69e1c972bdf06\" class=\"mg_box mg_pre_show col1_4 row1_4 m_col1_2 m_row1_3 mgi_414 mg_pag_1 mg_image mg_transitions mg_closed   \" rel=\"pid_414\"  mgi_w=\"0.25\" mgi_h=\"0.25\" mgi_mw=\"0.5\" mgi_mh=\"0.333\" ><div class=\"mg_shadow_div\"><div class=\"img_wrap mg_has_txt_under\" ><div><img src=\"\" class=\"thumb\" alt=\"Image 3\" fullurl=\"\/\/www.ekodarpol.pl\/wp-content\/uploads\/ewpt_cache\/300x300_85_1_c_FFFFFF_ea5401bc747764ba24bfa0edd4dc43df_1.jpg\" mobileurl=\"\/\/www.ekodarpol.pl\/wp-content\/uploads\/ewpt_cache\/400x267_85_1_c_FFFFFF_ea5401bc747764ba24bfa0edd4dc43df_1.jpg\" \/><noscript><img src=\"\/\/www.ekodarpol.pl\/wp-content\/uploads\/ewpt_cache\/300x300_85_1_c_FFFFFF_ea5401bc747764ba24bfa0edd4dc43df_1.jpg\" alt=\"Image 3\" \/><\/noscript><div class=\"overlays\"><div class=\"overlay\"><\/div><div class=\"cell_more\"><span><\/span><\/div><div class=\"cell_type\"><span class=\"mg_overlay_tit\">Image 3<\/span><\/div><\/div><a href=\"https:\/\/www.ekodarpol.pl\/de\/wp-json\/wp\/v2\/pages\/13618\/#!mg_ld_414\" class=\"mg_seo_dl_link\">'<\/a><\/div><\/div><\/div><\/div><div id=\"69e1c972beada\" class=\"mg_box mg_pre_show col1_4 row1_4 m_col1_2 m_row1_3 mgi_415 mg_pag_1 mg_image mg_transitions mg_closed   \" rel=\"pid_415\"  mgi_w=\"0.25\" mgi_h=\"0.25\" mgi_mw=\"0.5\" mgi_mh=\"0.333\" ><div class=\"mg_shadow_div\"><div class=\"img_wrap mg_has_txt_under\" ><div><img src=\"\" class=\"thumb\" alt=\"Image 4\" fullurl=\"\/\/www.ekodarpol.pl\/wp-content\/uploads\/ewpt_cache\/300x300_85_1_c_FFFFFF_4cd9afd3b452c251b02d6494a9a181a6_zdjecie-2.jpg\" mobileurl=\"\/\/www.ekodarpol.pl\/wp-content\/uploads\/ewpt_cache\/400x267_85_1_c_FFFFFF_4cd9afd3b452c251b02d6494a9a181a6_zdjecie-2.jpg\" \/><noscript><img src=\"\/\/www.ekodarpol.pl\/wp-content\/uploads\/ewpt_cache\/300x300_85_1_c_FFFFFF_4cd9afd3b452c251b02d6494a9a181a6_zdjecie-2.jpg\" alt=\"Image 4\" \/><\/noscript><div class=\"overlays\"><div class=\"overlay\"><\/div><div class=\"cell_more\"><span><\/span><\/div><div class=\"cell_type\"><span class=\"mg_overlay_tit\">Image 4<\/span><\/div><\/div><a href=\"https:\/\/www.ekodarpol.pl\/de\/wp-json\/wp\/v2\/pages\/13618\/#!mg_ld_415\" class=\"mg_seo_dl_link\">'<\/a><\/div><\/div><\/div><\/div><div id=\"69e1c972bed2c\" class=\"mg_box mg_pre_show col1_4 row1_4 m_col1_2 m_row1_3 mgi_415 mg_pag_1 mg_image mg_transitions mg_closed   \" rel=\"pid_415\"  mgi_w=\"0.25\" mgi_h=\"0.25\" mgi_mw=\"0.5\" mgi_mh=\"0.333\" ><div class=\"mg_shadow_div\"><div class=\"img_wrap mg_has_txt_under\" ><div><img src=\"\" class=\"thumb\" alt=\"Image 4\" fullurl=\"\/\/www.ekodarpol.pl\/wp-content\/uploads\/ewpt_cache\/300x300_85_1_c_FFFFFF_4cd9afd3b452c251b02d6494a9a181a6_zdjecie-2.jpg\" mobileurl=\"\/\/www.ekodarpol.pl\/wp-content\/uploads\/ewpt_cache\/400x267_85_1_c_FFFFFF_4cd9afd3b452c251b02d6494a9a181a6_zdjecie-2.jpg\" \/><noscript><img src=\"\/\/www.ekodarpol.pl\/wp-content\/uploads\/ewpt_cache\/300x300_85_1_c_FFFFFF_4cd9afd3b452c251b02d6494a9a181a6_zdjecie-2.jpg\" alt=\"Image 4\" \/><\/noscript><div class=\"overlays\"><div class=\"overlay\"><\/div><div class=\"cell_more\"><span><\/span><\/div><div class=\"cell_type\"><span class=\"mg_overlay_tit\">Image 4<\/span><\/div><\/div><a href=\"https:\/\/www.ekodarpol.pl\/de\/wp-json\/wp\/v2\/pages\/13618\/#!mg_ld_415\" class=\"mg_seo_dl_link\">'<\/a><\/div><\/div><\/div><\/div><div id=\"69e1c972bef17\" class=\"mg_box mg_pre_show col1_2 row1_2 m_col1_2 m_row1_3 mgi_414 mg_pag_1 mg_image mg_transitions mg_closed   \" rel=\"pid_414\"  mgi_w=\"0.5\" mgi_h=\"0.5\" mgi_mw=\"0.5\" mgi_mh=\"0.333\" ><div class=\"mg_shadow_div\"><div class=\"img_wrap mg_has_txt_under\" ><div><img src=\"\" class=\"thumb\" alt=\"Image 3\" fullurl=\"\/\/www.ekodarpol.pl\/wp-content\/uploads\/ewpt_cache\/600x600_85_1_c_FFFFFF_ea5401bc747764ba24bfa0edd4dc43df_1.jpg\" mobileurl=\"\/\/www.ekodarpol.pl\/wp-content\/uploads\/ewpt_cache\/400x267_85_1_c_FFFFFF_ea5401bc747764ba24bfa0edd4dc43df_1.jpg\" \/><noscript><img src=\"\/\/www.ekodarpol.pl\/wp-content\/uploads\/ewpt_cache\/600x600_85_1_c_FFFFFF_ea5401bc747764ba24bfa0edd4dc43df_1.jpg\" alt=\"Image 3\" \/><\/noscript><div class=\"overlays\"><div class=\"overlay\"><\/div><div class=\"cell_more\"><span><\/span><\/div><div class=\"cell_type\"><span class=\"mg_overlay_tit\">Image 3<\/span><\/div><\/div><a href=\"https:\/\/www.ekodarpol.pl\/de\/wp-json\/wp\/v2\/pages\/13618\/#!mg_ld_414\" class=\"mg_seo_dl_link\">'<\/a><\/div><\/div><\/div><\/div><div id=\"69e1c972bf10a\" class=\"mg_box mg_pre_show col1_4 row1_4 m_col1_2 m_row1_3 mgi_413 mg_pag_1 mg_image mg_transitions mg_closed   \" rel=\"pid_413\"  mgi_w=\"0.25\" mgi_h=\"0.25\" mgi_mw=\"0.5\" mgi_mh=\"0.333\" ><div class=\"mg_shadow_div\"><div class=\"img_wrap mg_has_txt_under\" ><div><img src=\"\" class=\"thumb\" alt=\"Image 2\" fullurl=\"\/\/www.ekodarpol.pl\/wp-content\/uploads\/ewpt_cache\/300x300_85_1_c_FFFFFF_887bd793ca03190674cd6a1c30fbaa8e_zdjecie_1.jpg\" mobileurl=\"\/\/www.ekodarpol.pl\/wp-content\/uploads\/ewpt_cache\/400x267_85_1_c_FFFFFF_887bd793ca03190674cd6a1c30fbaa8e_zdjecie_1.jpg\" \/><noscript><img src=\"\/\/www.ekodarpol.pl\/wp-content\/uploads\/ewpt_cache\/300x300_85_1_c_FFFFFF_887bd793ca03190674cd6a1c30fbaa8e_zdjecie_1.jpg\" alt=\"Image 2\" \/><\/noscript><div class=\"overlays\"><div class=\"overlay\"><\/div><div class=\"cell_more\"><span><\/span><\/div><div class=\"cell_type\"><span class=\"mg_overlay_tit\">Image 2<\/span><\/div><\/div><a href=\"https:\/\/www.ekodarpol.pl\/de\/wp-json\/wp\/v2\/pages\/13618\/#!mg_ld_413\" class=\"mg_seo_dl_link\">'<\/a><\/div><\/div><\/div><\/div><div id=\"69e1c972bf2f4\" class=\"mg_box mg_pre_show col1_4 row1_4 m_col1_2 m_row1_3 mgi_412 mg_pag_1 mg_image mg_transitions mg_closed   \" rel=\"pid_412\"  mgi_w=\"0.25\" mgi_h=\"0.25\" mgi_mw=\"0.5\" mgi_mh=\"0.333\" ><div class=\"mg_shadow_div\"><div class=\"img_wrap mg_has_txt_under\" ><div><img src=\"\" class=\"thumb\" alt=\"Image 1\" fullurl=\"\/\/www.ekodarpol.pl\/wp-content\/uploads\/ewpt_cache\/300x300_85_1_c_FFFFFF_9a11d11a6683a5caf576968275db2469_zdjecie_1.jpg\" mobileurl=\"\/\/www.ekodarpol.pl\/wp-content\/uploads\/ewpt_cache\/400x267_85_1_c_FFFFFF_9a11d11a6683a5caf576968275db2469_zdjecie_1.jpg\" \/><noscript><img src=\"\/\/www.ekodarpol.pl\/wp-content\/uploads\/ewpt_cache\/300x300_85_1_c_FFFFFF_9a11d11a6683a5caf576968275db2469_zdjecie_1.jpg\" alt=\"Image 1\" \/><\/noscript><div class=\"overlays\"><div class=\"overlay\"><\/div><div class=\"cell_more\"><span><\/span><\/div><div class=\"cell_type\"><span class=\"mg_overlay_tit\">Image 1<\/span><\/div><\/div><a href=\"https:\/\/www.ekodarpol.pl\/de\/wp-json\/wp\/v2\/pages\/13618\/#!mg_ld_412\" class=\"mg_seo_dl_link\">'<\/a><\/div><\/div><\/div><\/div><\/div><\/div>\n","stats":[{"circle_txt":"6000","small_txt":"","percentage":"75","desc":"Handelspartner"},{"circle_txt":"23","small_txt":"","percentage":"55","desc":"Jahre auf dem Markt"},{"circle_txt":"125","small_txt":"","percentage":"80","desc":"Firmenprodukten"},{"circle_txt":"50 mln","small_txt":"","percentage":"90","desc":"von Z\u00fcchtungsregenw\u00fcrmer"}],"button_galeria":"Siehe Effekte unserer Kunden ","tytul_strony":"O nas"},"_links":{"self":[{"href":"https:\/\/www.ekodarpol.pl\/de\/wp-json\/wp\/v2\/pages\/13618\/"}],"collection":[{"href":"https:\/\/www.ekodarpol.pl\/de\/wp-json\/wp\/v2\/pages\/"}],"about":[{"href":"https:\/\/www.ekodarpol.pl\/de\/wp-json\/wp\/v2\/types\/page\/"}],"author":[{"embeddable":true,"href":"https:\/\/www.ekodarpol.pl\/de\/wp-json\/wp\/v2\/users\/5\/"}],"replies":[{"embeddable":true,"href":"https:\/\/www.ekodarpol.pl\/de\/wp-json\/wp\/v2\/comments\/?post=13618"}],"version-history":[{"count":6,"href":"https:\/\/www.ekodarpol.pl\/de\/wp-json\/wp\/v2\/pages\/13618\/revisions\/"}],"predecessor-version":[{"id":21185,"href":"https:\/\/www.ekodarpol.pl\/de\/wp-json\/wp\/v2\/pages\/13618\/revisions\/21185\/"}],"wp:attachment":[{"href":"https:\/\/www.ekodarpol.pl\/de\/wp-json\/wp\/v2\/media\/?parent=13618"}],"curies":[{"name":"wp","href":"https:\/\/api.w.org\/{rel}","templated":true}]}}