{"id":13509,"date":"2015-04-23T10:04:04","date_gmt":"2015-04-23T10:04:04","guid":{"rendered":"http:\/\/www.ekodarpol.pl\/dod\/?page_id=13509"},"modified":"2018-05-12T18:33:51","modified_gmt":"2018-05-12T16:33:51","slug":"przykladowa-strona","status":"publish","type":"page","link":"https:\/\/www.ekodarpol.pl\/de\/","title":{"rendered":"Startseite"},"content":{"rendered":"","protected":false},"excerpt":{"rendered":"","protected":false},"author":5,"featured_media":0,"parent":0,"menu_order":0,"comment_status":"closed","ping_status":"closed","template":"template-home.php","meta":{"footnotes":""},"class_list":["post-13509","page","type-page","status-publish","hentry"],"acf":{"text3":"<span style=\"color: #7faadd;\">----------<\/span>","title3":"Laboratorium","text_footer":"Projekty unijne realizowane przez PPH \"Ekodarpol\" Zbigniew Zubala","banner":"https:\/\/www.ekodarpol.pl\/wp-content\/uploads\/2015\/04\/shutterstock_390034507.jpg","banner_title":"Haus und Garten","banner_tekst":"<p>Die von der Firma Ekodarpol angebotene Produkte wie innovative, Naturd\u00fcnger zur Pflege von Zimmer- und Gartenpflanzen sind naturfreundlich und einfach im Einsatz.\u00a0Diese Produkte sind in den besten Gartenzenter und Gartengesch\u00e4ften in Polen in den so genannten \u00f6kologischer Ecke erh\u00e4ltlich. Pr\u00fcfen Sie bitte unseren Angebot, das f\u00fcr alle Blumen und \u00d6kog\u00e4rten Anbauliebhaber gerichtet ist.<\/p>\n","banner_btn_txt":"Pr\u00fcfe","banner_btn_link":"https:\/\/www.ekodarpol.pl\/de\/?page_id=13637","form_title":"","form_desc":"","form_type":"freshmail","tytul_strony":"","baner":false,"brands_title":"Unsere Marke","brands":[{"brand":"https:\/\/www.ekodarpol.pl\/wp-content\/uploads\/2015\/04\/ekoligiczny-kacik-1.png","brands_button":"geh auf die Webseite","brand_link":"http:\/\/www.ekologicznykacik.pl\/"},{"brand":"https:\/\/www.ekodarpol.pl\/wp-content\/uploads\/2015\/04\/biohumus_extra__jpg-e1482407252761.jpg","brands_button":"geh auf die Webseite","brand_link":"http:\/\/www.biohumus.co\/"},{"brand":"https:\/\/www.ekodarpol.pl\/wp-content\/uploads\/2015\/04\/Warstwa-8-e1482406975783.png","brands_button":"geh auf die Webseite","brand_link":"http:\/\/www.humusactive.pl\/"},{"brand":"https:\/\/www.ekodarpol.pl\/wp-content\/uploads\/2015\/04\/biochron-1.png","brands_button":"geh auf die Webseite","brand_link":"http:\/\/www.ekodarpol.pl\/dod\/produkty\/"},{"brand":"https:\/\/www.ekodarpol.pl\/wp-content\/uploads\/2015\/04\/PLONAR-Active-zloty.jpg","brands_button":"geh auf die Webseite","brand_link":"http:\/\/www.ekodarpol.pl\/dod\/produkty\/"},{"brand":"https:\/\/www.ekodarpol.pl\/wp-content\/uploads\/2015\/04\/humus-up.jpg","brands_button":"geh auf die Webseite","brand_link":"http:\/\/www.ekodarpol.pl\/dod\/produkty\/"}],"button_galeria":"Sehen","galeria_title":"Effekte","galeria_shortcode":"<div id=\"mg_wrap_31\" class=\"mg_grid_wrap mg_deeplink  mg_no_filters \"><div id=\"mg_grid_31\" class=\"mg_container   \" rel=\"auto\" mg-pag=\"1\" ><div class=\"mg_loader\">  <div class=\"mgl_1\"><\/div>  <div class=\"mgl_2\"><\/div>  <div class=\"mgl_3\"><\/div>  <div class=\"mgl_4\"><\/div><\/div><div id=\"69e225d3b0757\" class=\"mg_box mg_pre_show col1_4 row1_4 m_col1_2 m_row1_3 mgi_412 mg_pag_1 mg_image mg_transitions mg_closed   \" rel=\"pid_412\"  mgi_w=\"0.25\" mgi_h=\"0.25\" mgi_mw=\"0.5\" mgi_mh=\"0.333\" ><div class=\"mg_shadow_div\"><div class=\"img_wrap mg_has_txt_under\" ><div><img src=\"\" class=\"thumb\" alt=\"Image 1\" fullurl=\"\/\/www.ekodarpol.pl\/wp-content\/uploads\/ewpt_cache\/300x300_85_1_c_FFFFFF_9a11d11a6683a5caf576968275db2469_zdjecie_1.jpg\" mobileurl=\"\/\/www.ekodarpol.pl\/wp-content\/uploads\/ewpt_cache\/400x267_85_1_c_FFFFFF_9a11d11a6683a5caf576968275db2469_zdjecie_1.jpg\" \/><noscript><img src=\"\/\/www.ekodarpol.pl\/wp-content\/uploads\/ewpt_cache\/300x300_85_1_c_FFFFFF_9a11d11a6683a5caf576968275db2469_zdjecie_1.jpg\" alt=\"Image 1\" \/><\/noscript><div class=\"overlays\"><div class=\"overlay\"><\/div><div class=\"cell_more\"><span><\/span><\/div><div class=\"cell_type\"><span class=\"mg_overlay_tit\">Image 1<\/span><\/div><\/div><a href=\"https:\/\/www.ekodarpol.pl\/de\/wp-json\/wp\/v2\/pages\/13509\/#!mg_ld_412\" class=\"mg_seo_dl_link\">'<\/a><\/div><\/div><\/div><\/div><div id=\"69e225d3b0f0e\" class=\"mg_box mg_pre_show col1_4 row1_2 m_col1_2 m_row1_3 mgi_413 mg_pag_1 mg_image mg_transitions mg_closed   \" rel=\"pid_413\"  mgi_w=\"0.25\" mgi_h=\"0.5\" mgi_mw=\"0.5\" mgi_mh=\"0.333\" ><div class=\"mg_shadow_div\"><div class=\"img_wrap mg_has_txt_under\" ><div><img src=\"\" class=\"thumb\" alt=\"Image 2\" fullurl=\"\/\/www.ekodarpol.pl\/wp-content\/uploads\/ewpt_cache\/300x600_85_1_c_FFFFFF_887bd793ca03190674cd6a1c30fbaa8e_zdjecie_1.jpg\" mobileurl=\"\/\/www.ekodarpol.pl\/wp-content\/uploads\/ewpt_cache\/400x267_85_1_c_FFFFFF_887bd793ca03190674cd6a1c30fbaa8e_zdjecie_1.jpg\" \/><noscript><img src=\"\/\/www.ekodarpol.pl\/wp-content\/uploads\/ewpt_cache\/300x600_85_1_c_FFFFFF_887bd793ca03190674cd6a1c30fbaa8e_zdjecie_1.jpg\" alt=\"Image 2\" \/><\/noscript><div class=\"overlays\"><div class=\"overlay\"><\/div><div class=\"cell_more\"><span><\/span><\/div><div class=\"cell_type\"><span class=\"mg_overlay_tit\">Image 2<\/span><\/div><\/div><a href=\"https:\/\/www.ekodarpol.pl\/de\/wp-json\/wp\/v2\/pages\/13509\/#!mg_ld_413\" class=\"mg_seo_dl_link\">'<\/a><\/div><\/div><\/div><\/div><div id=\"69e225d3b15bb\" class=\"mg_box mg_pre_show col1_4 row1_4 m_col1_2 m_row1_3 mgi_414 mg_pag_1 mg_image mg_transitions mg_closed   \" rel=\"pid_414\"  mgi_w=\"0.25\" mgi_h=\"0.25\" mgi_mw=\"0.5\" mgi_mh=\"0.333\" ><div class=\"mg_shadow_div\"><div class=\"img_wrap mg_has_txt_under\" ><div><img src=\"\" class=\"thumb\" alt=\"Image 3\" fullurl=\"\/\/www.ekodarpol.pl\/wp-content\/uploads\/ewpt_cache\/300x300_85_1_c_FFFFFF_ea5401bc747764ba24bfa0edd4dc43df_1.jpg\" mobileurl=\"\/\/www.ekodarpol.pl\/wp-content\/uploads\/ewpt_cache\/400x267_85_1_c_FFFFFF_ea5401bc747764ba24bfa0edd4dc43df_1.jpg\" \/><noscript><img src=\"\/\/www.ekodarpol.pl\/wp-content\/uploads\/ewpt_cache\/300x300_85_1_c_FFFFFF_ea5401bc747764ba24bfa0edd4dc43df_1.jpg\" alt=\"Image 3\" \/><\/noscript><div class=\"overlays\"><div class=\"overlay\"><\/div><div class=\"cell_more\"><span><\/span><\/div><div class=\"cell_type\"><span class=\"mg_overlay_tit\">Image 3<\/span><\/div><\/div><a href=\"https:\/\/www.ekodarpol.pl\/de\/wp-json\/wp\/v2\/pages\/13509\/#!mg_ld_414\" class=\"mg_seo_dl_link\">'<\/a><\/div><\/div><\/div><\/div><div id=\"69e225d3b1c53\" class=\"mg_box mg_pre_show col1_4 row1_4 m_col1_2 m_row1_3 mgi_415 mg_pag_1 mg_image mg_transitions mg_closed   \" rel=\"pid_415\"  mgi_w=\"0.25\" mgi_h=\"0.25\" mgi_mw=\"0.5\" mgi_mh=\"0.333\" ><div class=\"mg_shadow_div\"><div class=\"img_wrap mg_has_txt_under\" ><div><img src=\"\" class=\"thumb\" alt=\"Image 4\" fullurl=\"\/\/www.ekodarpol.pl\/wp-content\/uploads\/ewpt_cache\/300x300_85_1_c_FFFFFF_4cd9afd3b452c251b02d6494a9a181a6_zdjecie-2.jpg\" mobileurl=\"\/\/www.ekodarpol.pl\/wp-content\/uploads\/ewpt_cache\/400x267_85_1_c_FFFFFF_4cd9afd3b452c251b02d6494a9a181a6_zdjecie-2.jpg\" \/><noscript><img src=\"\/\/www.ekodarpol.pl\/wp-content\/uploads\/ewpt_cache\/300x300_85_1_c_FFFFFF_4cd9afd3b452c251b02d6494a9a181a6_zdjecie-2.jpg\" alt=\"Image 4\" \/><\/noscript><div class=\"overlays\"><div class=\"overlay\"><\/div><div class=\"cell_more\"><span><\/span><\/div><div class=\"cell_type\"><span class=\"mg_overlay_tit\">Image 4<\/span><\/div><\/div><a href=\"https:\/\/www.ekodarpol.pl\/de\/wp-json\/wp\/v2\/pages\/13509\/#!mg_ld_415\" class=\"mg_seo_dl_link\">'<\/a><\/div><\/div><\/div><\/div><div id=\"69e225d3b1e45\" class=\"mg_box mg_pre_show col1_4 row1_4 m_col1_2 m_row1_3 mgi_415 mg_pag_1 mg_image mg_transitions mg_closed   \" rel=\"pid_415\"  mgi_w=\"0.25\" mgi_h=\"0.25\" mgi_mw=\"0.5\" mgi_mh=\"0.333\" ><div class=\"mg_shadow_div\"><div class=\"img_wrap mg_has_txt_under\" ><div><img src=\"\" class=\"thumb\" alt=\"Image 4\" fullurl=\"\/\/www.ekodarpol.pl\/wp-content\/uploads\/ewpt_cache\/300x300_85_1_c_FFFFFF_4cd9afd3b452c251b02d6494a9a181a6_zdjecie-2.jpg\" mobileurl=\"\/\/www.ekodarpol.pl\/wp-content\/uploads\/ewpt_cache\/400x267_85_1_c_FFFFFF_4cd9afd3b452c251b02d6494a9a181a6_zdjecie-2.jpg\" \/><noscript><img src=\"\/\/www.ekodarpol.pl\/wp-content\/uploads\/ewpt_cache\/300x300_85_1_c_FFFFFF_4cd9afd3b452c251b02d6494a9a181a6_zdjecie-2.jpg\" alt=\"Image 4\" \/><\/noscript><div class=\"overlays\"><div class=\"overlay\"><\/div><div class=\"cell_more\"><span><\/span><\/div><div class=\"cell_type\"><span class=\"mg_overlay_tit\">Image 4<\/span><\/div><\/div><a href=\"https:\/\/www.ekodarpol.pl\/de\/wp-json\/wp\/v2\/pages\/13509\/#!mg_ld_415\" class=\"mg_seo_dl_link\">'<\/a><\/div><\/div><\/div><\/div><div id=\"69e225d3b1fef\" class=\"mg_box mg_pre_show col1_2 row1_2 m_col1_2 m_row1_3 mgi_414 mg_pag_1 mg_image mg_transitions mg_closed   \" rel=\"pid_414\"  mgi_w=\"0.5\" mgi_h=\"0.5\" mgi_mw=\"0.5\" mgi_mh=\"0.333\" ><div class=\"mg_shadow_div\"><div class=\"img_wrap mg_has_txt_under\" ><div><img src=\"\" class=\"thumb\" alt=\"Image 3\" fullurl=\"\/\/www.ekodarpol.pl\/wp-content\/uploads\/ewpt_cache\/600x600_85_1_c_FFFFFF_ea5401bc747764ba24bfa0edd4dc43df_1.jpg\" mobileurl=\"\/\/www.ekodarpol.pl\/wp-content\/uploads\/ewpt_cache\/400x267_85_1_c_FFFFFF_ea5401bc747764ba24bfa0edd4dc43df_1.jpg\" \/><noscript><img src=\"\/\/www.ekodarpol.pl\/wp-content\/uploads\/ewpt_cache\/600x600_85_1_c_FFFFFF_ea5401bc747764ba24bfa0edd4dc43df_1.jpg\" alt=\"Image 3\" \/><\/noscript><div class=\"overlays\"><div class=\"overlay\"><\/div><div class=\"cell_more\"><span><\/span><\/div><div class=\"cell_type\"><span class=\"mg_overlay_tit\">Image 3<\/span><\/div><\/div><a href=\"https:\/\/www.ekodarpol.pl\/de\/wp-json\/wp\/v2\/pages\/13509\/#!mg_ld_414\" class=\"mg_seo_dl_link\">'<\/a><\/div><\/div><\/div><\/div><div id=\"69e225d3b21c3\" class=\"mg_box mg_pre_show col1_4 row1_4 m_col1_2 m_row1_3 mgi_413 mg_pag_1 mg_image mg_transitions mg_closed   \" rel=\"pid_413\"  mgi_w=\"0.25\" mgi_h=\"0.25\" mgi_mw=\"0.5\" mgi_mh=\"0.333\" ><div class=\"mg_shadow_div\"><div class=\"img_wrap mg_has_txt_under\" ><div><img src=\"\" class=\"thumb\" alt=\"Image 2\" fullurl=\"\/\/www.ekodarpol.pl\/wp-content\/uploads\/ewpt_cache\/300x300_85_1_c_FFFFFF_887bd793ca03190674cd6a1c30fbaa8e_zdjecie_1.jpg\" mobileurl=\"\/\/www.ekodarpol.pl\/wp-content\/uploads\/ewpt_cache\/400x267_85_1_c_FFFFFF_887bd793ca03190674cd6a1c30fbaa8e_zdjecie_1.jpg\" \/><noscript><img src=\"\/\/www.ekodarpol.pl\/wp-content\/uploads\/ewpt_cache\/300x300_85_1_c_FFFFFF_887bd793ca03190674cd6a1c30fbaa8e_zdjecie_1.jpg\" alt=\"Image 2\" \/><\/noscript><div class=\"overlays\"><div class=\"overlay\"><\/div><div class=\"cell_more\"><span><\/span><\/div><div class=\"cell_type\"><span class=\"mg_overlay_tit\">Image 2<\/span><\/div><\/div><a href=\"https:\/\/www.ekodarpol.pl\/de\/wp-json\/wp\/v2\/pages\/13509\/#!mg_ld_413\" class=\"mg_seo_dl_link\">'<\/a><\/div><\/div><\/div><\/div><div id=\"69e225d3b239f\" class=\"mg_box mg_pre_show col1_4 row1_4 m_col1_2 m_row1_3 mgi_412 mg_pag_1 mg_image mg_transitions mg_closed   \" rel=\"pid_412\"  mgi_w=\"0.25\" mgi_h=\"0.25\" mgi_mw=\"0.5\" mgi_mh=\"0.333\" ><div class=\"mg_shadow_div\"><div class=\"img_wrap mg_has_txt_under\" ><div><img src=\"\" class=\"thumb\" alt=\"Image 1\" fullurl=\"\/\/www.ekodarpol.pl\/wp-content\/uploads\/ewpt_cache\/300x300_85_1_c_FFFFFF_9a11d11a6683a5caf576968275db2469_zdjecie_1.jpg\" mobileurl=\"\/\/www.ekodarpol.pl\/wp-content\/uploads\/ewpt_cache\/400x267_85_1_c_FFFFFF_9a11d11a6683a5caf576968275db2469_zdjecie_1.jpg\" \/><noscript><img src=\"\/\/www.ekodarpol.pl\/wp-content\/uploads\/ewpt_cache\/300x300_85_1_c_FFFFFF_9a11d11a6683a5caf576968275db2469_zdjecie_1.jpg\" alt=\"Image 1\" \/><\/noscript><div class=\"overlays\"><div class=\"overlay\"><\/div><div class=\"cell_more\"><span><\/span><\/div><div class=\"cell_type\"><span class=\"mg_overlay_tit\">Image 1<\/span><\/div><\/div><a href=\"https:\/\/www.ekodarpol.pl\/de\/wp-json\/wp\/v2\/pages\/13509\/#!mg_ld_412\" class=\"mg_seo_dl_link\">'<\/a><\/div><\/div><\/div><\/div><\/div><\/div>\n","brands_button":"Przejd\u017a do strony"},"_links":{"self":[{"href":"https:\/\/www.ekodarpol.pl\/de\/wp-json\/wp\/v2\/pages\/13509\/"}],"collection":[{"href":"https:\/\/www.ekodarpol.pl\/de\/wp-json\/wp\/v2\/pages\/"}],"about":[{"href":"https:\/\/www.ekodarpol.pl\/de\/wp-json\/wp\/v2\/types\/page\/"}],"author":[{"embeddable":true,"href":"https:\/\/www.ekodarpol.pl\/de\/wp-json\/wp\/v2\/users\/5\/"}],"replies":[{"embeddable":true,"href":"https:\/\/www.ekodarpol.pl\/de\/wp-json\/wp\/v2\/comments\/?post=13509"}],"version-history":[{"count":9,"href":"https:\/\/www.ekodarpol.pl\/de\/wp-json\/wp\/v2\/pages\/13509\/revisions\/"}],"predecessor-version":[{"id":21076,"href":"https:\/\/www.ekodarpol.pl\/de\/wp-json\/wp\/v2\/pages\/13509\/revisions\/21076\/"}],"wp:attachment":[{"href":"https:\/\/www.ekodarpol.pl\/de\/wp-json\/wp\/v2\/media\/?parent=13509"}],"curies":[{"name":"wp","href":"https:\/\/api.w.org\/{rel}","templated":true}]}}